{"id":79936,"date":"2025-08-11T21:31:25","date_gmt":"2025-08-11T19:31:25","guid":{"rendered":"https:\/\/monchstein.at\/contact\/"},"modified":"2026-03-14T13:13:09","modified_gmt":"2026-03-14T12:13:09","slug":"contact","status":"publish","type":"page","link":"https:\/\/monchstein.at\/fr\/contact\/","title":{"rendered":"Contact"},"content":{"rendered":"\t\t<div data-elementor-type=\"wp-page\" data-elementor-id=\"79936\" class=\"elementor elementor-79936 elementor-5267\" data-elementor-post-type=\"page\">\n\t\t\t\t<div class=\"elementor-element elementor-element-236028a e-flex e-con-boxed e-con e-parent\" data-id=\"236028a\" data-element_type=\"container\" data-e-type=\"container\" data-settings=\"{&quot;background_background&quot;:&quot;classic&quot;}\">\n\t\t\t\t\t<div class=\"e-con-inner\">\n\t\t\t\t<div class=\"elementor-element elementor-element-601a20c elementor-widget-mobile__width-inherit elementor-widget elementor-widget-heading\" data-id=\"601a20c\" data-element_type=\"widget\" data-e-type=\"widget\" data-widget_type=\"heading.default\">\n\t\t\t\t<div class=\"elementor-widget-container\">\n\t\t\t\t\t<h4 class=\"elementor-heading-title elementor-size-default\">Nous sommes ravis d'avoir de vos nouvelles\n<\/h4>\t\t\t\t<\/div>\n\t\t\t\t<\/div>\n\t\t\t\t<div class=\"elementor-element elementor-element-00a1f08 elementor-widget-mobile__width-inherit elementor-widget elementor-widget-heading\" data-id=\"00a1f08\" data-element_type=\"widget\" data-e-type=\"widget\" data-widget_type=\"heading.default\">\n\t\t\t\t<div class=\"elementor-widget-container\">\n\t\t\t\t\t<h1 class=\"elementor-heading-title elementor-size-default\">Contact<\/h1>\t\t\t\t<\/div>\n\t\t\t\t<\/div>\n\t\t\t\t\t<\/div>\n\t\t\t\t<\/div>\n\t\t<div class=\"elementor-element elementor-element-663751e e-flex e-con-boxed e-con e-parent\" data-id=\"663751e\" data-element_type=\"container\" data-e-type=\"container\" data-settings=\"{&quot;background_background&quot;:&quot;classic&quot;}\">\n\t\t\t\t\t<div class=\"e-con-inner\">\n\t\t<div class=\"elementor-element elementor-element-81cfbed e-con-full e-flex e-con e-child\" data-id=\"81cfbed\" data-element_type=\"container\" data-e-type=\"container\">\n\t\t\t\t<div class=\"elementor-element elementor-element-ddd7ac7 elementor-widget elementor-widget-heading\" data-id=\"ddd7ac7\" data-element_type=\"widget\" data-e-type=\"widget\" data-widget_type=\"heading.default\">\n\t\t\t\t<div class=\"elementor-widget-container\">\n\t\t\t\t\t<h2 class=\"elementor-heading-title elementor-size-default\">Votre lien direct avec nous\n<\/h2>\t\t\t\t<\/div>\n\t\t\t\t<\/div>\n\t\t\t\t<div class=\"elementor-element elementor-element-13f9814 elementor-widget__width-initial elementor-widget elementor-widget-text-editor\" data-id=\"13f9814\" data-element_type=\"widget\" data-e-type=\"widget\" data-widget_type=\"text-editor.default\">\n\t\t\t\t<div class=\"elementor-widget-container\">\n\t\t\t\t\t\t\t\t\t<p class=\"elementor-icon-box-title\">Hotel Schloss M\u00f6nchstein<br>M\u00f6nchsberg Park 26<br>5020 Salzbourg<br>Autriche<\/p><p>T\u00e9l\u00e9phone : <a href=\"tel:+436628485550\">+43 662 \/ 84 85 55-0<\/a><br>Fax : +43 662 \/ 84 85 59<\/p><p>E-mail : <a href=\"mailto:salzburg@monchstein.at\">salzburg@monchstein.at<\/a><\/p>\t\t\t\t\t\t\t\t<\/div>\n\t\t\t\t<\/div>\n\t\t\t\t<\/div>\n\t\t<div class=\"elementor-element elementor-element-d423a31 e-con-full e-flex e-con e-child\" data-id=\"d423a31\" data-element_type=\"container\" data-e-type=\"container\">\n\t\t\t\t<div class=\"elementor-element elementor-element-03eafa1 elementor-widget elementor-widget-text-editor\" data-id=\"03eafa1\" data-element_type=\"widget\" data-e-type=\"widget\" data-widget_type=\"text-editor.default\">\n\t\t\t\t<div class=\"elementor-widget-container\">\n\t\t\t\t\t\t\t\t\t<p class=\"p1\">Qu&rsquo;il s&rsquo;agisse d&rsquo;une demande de r\u00e9servation, de la planification d&rsquo;un \u00e9v\u00e9nement, d&rsquo;une r\u00e9servation de restaurant ou de questions g\u00e9n\u00e9rales, l&rsquo;\u00e9quipe de l&rsquo;Hotel Schloss M\u00f6nchstein*****s est \u00e0 votre enti\u00e8re disposition. Notre objectif est de r\u00e9pondre \u00e0 vos souhaits rapidement, personnellement et de mani\u00e8re fiable. <\/p><p class=\"p1\">Utilisez nos coordonn\u00e9es pour nous joindre par t\u00e9l\u00e9phone ou par e-mail, ou rendez-nous visite directement sur place. Nous serons ravis de vous conseiller et attendons votre message avec impatience. <\/p><p class=\"p1\">D&rsquo;ici, vous profitez d&rsquo;une vue panoramique incomparable \u2013 sur les toits de la vieille ville, les montagnes environnantes et le paysage pittoresque de Salzbourg. Gr\u00e2ce \u00e0 son emplacement unique, vous \u00eates \u00e9galement parfaitement connect\u00e9 : seulement sept minutes en ascenseur du M\u00f6nchsberg ou en voiture vous s\u00e9parent du c\u0153ur vibrant de la ville de Mozart. <\/p>\t\t\t\t\t\t\t\t<\/div>\n\t\t\t\t<\/div>\n\t\t\t\t<div class=\"elementor-element elementor-element-9db23df elementor-mobile-align-justify elementor-widget-mobile__width-initial elementor-widget elementor-widget-button\" data-id=\"9db23df\" data-element_type=\"widget\" data-e-type=\"widget\" data-widget_type=\"button.default\">\n\t\t\t\t<div class=\"elementor-widget-container\">\n\t\t\t\t\t\t\t\t\t<div class=\"elementor-button-wrapper\">\n\t\t\t\t\t<a class=\"elementor-button elementor-button-link elementor-size-sm\" href=\"https:\/\/monchstein.at\/anfahrt\/\">\n\t\t\t\t\t\t<span class=\"elementor-button-content-wrapper\">\n\t\t\t\t\t\t\t\t\t<span class=\"elementor-button-text\">Acc\u00e8s<\/span>\n\t\t\t\t\t<\/span>\n\t\t\t\t\t<\/a>\n\t\t\t\t<\/div>\n\t\t\t\t\t\t\t\t<\/div>\n\t\t\t\t<\/div>\n\t\t\t\t<\/div>\n\t\t\t\t\t<\/div>\n\t\t\t\t<\/div>\n\t\t<div class=\"elementor-element elementor-element-10c4f454 e-con-full e-flex e-con e-parent\" data-id=\"10c4f454\" data-element_type=\"container\" data-e-type=\"container\" data-settings=\"{&quot;background_background&quot;:&quot;classic&quot;}\">\n\t\t<div class=\"elementor-element elementor-element-727dcaad e-con-full e-flex e-con e-child\" data-id=\"727dcaad\" data-element_type=\"container\" data-e-type=\"container\">\n\t\t\t\t<div class=\"elementor-element elementor-element-dc793ec elementor-widget__width-initial elementor-widget elementor-widget-google_maps\" data-id=\"dc793ec\" data-element_type=\"widget\" data-e-type=\"widget\" data-widget_type=\"google_maps.default\">\n\t\t\t\t<div class=\"elementor-widget-container\">\n\t\t\t\t\t\t\t<div class=\"elementor-custom-embed\">\n\t\t\t<iframe loading=\"lazy\"\n\t\t\t\t\tsrc=\"https:\/\/maps.google.com\/maps?q=Schloss%20M%C3%B6nchstein%20&#038;t=m&#038;z=14&#038;output=embed&#038;iwloc=near\"\n\t\t\t\t\ttitle=\"Schloss M\u00f6nchstein \"\n\t\t\t\t\taria-label=\"Schloss M\u00f6nchstein \"\n\t\t\t><\/iframe>\n\t\t<\/div>\n\t\t\t\t\t\t<\/div>\n\t\t\t\t<\/div>\n\t\t\t\t<\/div>\n\t\t\t\t<\/div>\n\t\t\t\t<\/div>\n\t\t","protected":false},"excerpt":{"rendered":"<p>Nous sommes ravis d&rsquo;avoir de vos nouvelles Contact Votre lien direct avec nous Hotel Schloss M\u00f6nchsteinM\u00f6nchsberg Park 265020 SalzbourgAutriche T\u00e9l\u00e9phone [&hellip;]<\/p>\n","protected":false},"author":1,"featured_media":79937,"parent":0,"menu_order":0,"comment_status":"closed","ping_status":"closed","template":"","meta":{"_acf_changed":false,"inline_featured_image":false,"site-sidebar-layout":"no-sidebar","site-content-layout":"","ast-site-content-layout":"full-width-container","site-content-style":"default","site-sidebar-style":"default","ast-global-header-display":"","ast-banner-title-visibility":"","ast-main-header-display":"","ast-hfb-above-header-display":"","ast-hfb-below-header-display":"","ast-hfb-mobile-header-display":"","site-post-title":"disabled","ast-breadcrumbs-content":"","ast-featured-img":"disabled","footer-sml-layout":"","theme-transparent-header-meta":"","adv-header-id-meta":"","stick-header-meta":"","header-above-stick-meta":"","header-main-stick-meta":"","header-below-stick-meta":"","astra-migrate-meta-layouts":"default","ast-page-background-enabled":"default","ast-page-background-meta":{"desktop":{"background-color":"var(--ast-global-color-5)","background-image":"","background-repeat":"repeat","background-position":"center center","background-size":"auto","background-attachment":"scroll","background-type":"","background-media":"","overlay-type":"","overlay-color":"","overlay-opacity":"","overlay-gradient":""},"tablet":{"background-color":"","background-image":"","background-repeat":"repeat","background-position":"center center","background-size":"auto","background-attachment":"scroll","background-type":"","background-media":"","overlay-type":"","overlay-color":"","overlay-opacity":"","overlay-gradient":""},"mobile":{"background-color":"","background-image":"","background-repeat":"repeat","background-position":"center center","background-size":"auto","background-attachment":"scroll","background-type":"","background-media":"","overlay-type":"","overlay-color":"","overlay-opacity":"","overlay-gradient":""}},"ast-content-background-meta":{"desktop":{"background-color":"var(--ast-global-color-4)","background-image":"","background-repeat":"repeat","background-position":"center center","background-size":"auto","background-attachment":"scroll","background-type":"","background-media":"","overlay-type":"","overlay-color":"","overlay-opacity":"","overlay-gradient":""},"tablet":{"background-color":"var(--ast-global-color-4)","background-image":"","background-repeat":"repeat","background-position":"center center","background-size":"auto","background-attachment":"scroll","background-type":"","background-media":"","overlay-type":"","overlay-color":"","overlay-opacity":"","overlay-gradient":""},"mobile":{"background-color":"var(--ast-global-color-4)","background-image":"","background-repeat":"repeat","background-position":"center center","background-size":"auto","background-attachment":"scroll","background-type":"","background-media":"","overlay-type":"","overlay-color":"","overlay-opacity":"","overlay-gradient":""}},"footnotes":""},"class_list":["post-79936","page","type-page","status-publish","has-post-thumbnail","hentry"],"acf":[],"yoast_head":"<!-- This site is optimized with the Yoast SEO plugin v27.2 - https:\/\/yoast.com\/product\/yoast-seo-wordpress\/ -->\n<title>Contact Hotel Schloss M\u00f6nchstein \u2013 H\u00f4tel de luxe Salzbourg<\/title>\n<meta name=\"description\" content=\"Contactez l&#039;Hotel Schloss M\u00f6nchstein*****s \u00e0 Salzbourg. R\u00e9servations, demandes &amp; informations concernant votre s\u00e9jour, vos \u00e9v\u00e9nements ou votre visite au restaurant.\" \/>\n<meta name=\"robots\" content=\"index, follow, max-snippet:-1, max-image-preview:large, max-video-preview:-1\" \/>\n<link rel=\"canonical\" href=\"https:\/\/monchstein.at\/fr\/contact\/\" \/>\n<meta property=\"og:locale\" content=\"fr_FR\" \/>\n<meta property=\"og:type\" content=\"article\" \/>\n<meta property=\"og:title\" content=\"Contact Hotel Schloss M\u00f6nchstein \u2013 H\u00f4tel de luxe Salzbourg\" \/>\n<meta property=\"og:description\" content=\"Contactez l&#039;Hotel Schloss M\u00f6nchstein*****s \u00e0 Salzbourg. R\u00e9servations, demandes &amp; informations concernant votre s\u00e9jour, vos \u00e9v\u00e9nements ou votre visite au restaurant.\" \/>\n<meta property=\"og:url\" content=\"https:\/\/monchstein.at\/fr\/contact\/\" \/>\n<meta property=\"og:site_name\" content=\"Hotel Schloss M\u00f6nchstein*****s\" \/>\n<meta property=\"article:modified_time\" content=\"2026-03-14T12:13:09+00:00\" \/>\n<meta property=\"og:image\" content=\"https:\/\/monchstein.at\/wp-content\/uploads\/2025\/07\/DSC04574-Bearbeitet-Bearbeitet.jpg\" \/>\n\t<meta property=\"og:image:width\" content=\"2500\" \/>\n\t<meta property=\"og:image:height\" content=\"1666\" \/>\n\t<meta property=\"og:image:type\" content=\"image\/jpeg\" \/>\n<meta name=\"twitter:card\" content=\"summary_large_image\" \/>\n<meta name=\"twitter:label1\" content=\"Dur\u00e9e de lecture estim\u00e9e\" \/>\n\t<meta name=\"twitter:data1\" content=\"1 minute\" \/>\n<script type=\"application\/ld+json\" class=\"yoast-schema-graph\">{\"@context\":\"https:\/\/schema.org\",\"@graph\":[{\"@type\":\"WebPage\",\"@id\":\"https:\/\/monchstein.at\/fr\/contact\/\",\"url\":\"https:\/\/monchstein.at\/fr\/contact\/\",\"name\":\"Contact Hotel Schloss M\u00f6nchstein \u2013 H\u00f4tel de luxe Salzbourg\",\"isPartOf\":{\"@id\":\"https:\/\/monchstein.at\/fr\/#website\"},\"primaryImageOfPage\":{\"@id\":\"https:\/\/monchstein.at\/fr\/contact\/#primaryimage\"},\"image\":{\"@id\":\"https:\/\/monchstein.at\/fr\/contact\/#primaryimage\"},\"thumbnailUrl\":\"https:\/\/monchstein.at\/wp-content\/uploads\/2025\/07\/DSC04574-Bearbeitet-Bearbeitet.jpg\",\"datePublished\":\"2025-08-11T19:31:25+00:00\",\"dateModified\":\"2026-03-14T12:13:09+00:00\",\"description\":\"Contactez l'Hotel Schloss M\u00f6nchstein*****s \u00e0 Salzbourg. R\u00e9servations, demandes & informations concernant votre s\u00e9jour, vos \u00e9v\u00e9nements ou votre visite au restaurant.\",\"breadcrumb\":{\"@id\":\"https:\/\/monchstein.at\/fr\/contact\/#breadcrumb\"},\"inLanguage\":\"fr-FR\",\"potentialAction\":[{\"@type\":\"ReadAction\",\"target\":[\"https:\/\/monchstein.at\/fr\/contact\/\"]}]},{\"@type\":\"ImageObject\",\"inLanguage\":\"fr-FR\",\"@id\":\"https:\/\/monchstein.at\/fr\/contact\/#primaryimage\",\"url\":\"https:\/\/monchstein.at\/wp-content\/uploads\/2025\/07\/DSC04574-Bearbeitet-Bearbeitet.jpg\",\"contentUrl\":\"https:\/\/monchstein.at\/wp-content\/uploads\/2025\/07\/DSC04574-Bearbeitet-Bearbeitet.jpg\",\"width\":2500,\"height\":1666},{\"@type\":\"BreadcrumbList\",\"@id\":\"https:\/\/monchstein.at\/fr\/contact\/#breadcrumb\",\"itemListElement\":[{\"@type\":\"ListItem\",\"position\":1,\"name\":\"Accueil\",\"item\":\"https:\/\/monchstein.at\/fr\/\"},{\"@type\":\"ListItem\",\"position\":2,\"name\":\"Contact\"}]},{\"@type\":\"WebSite\",\"@id\":\"https:\/\/monchstein.at\/fr\/#website\",\"url\":\"https:\/\/monchstein.at\/fr\/\",\"name\":\"Hotel Schloss M\u00f6nchstein*****s\",\"description\":\"Luxushotel Salzburg\",\"publisher\":{\"@id\":\"https:\/\/monchstein.at\/fr\/#organization\"},\"potentialAction\":[{\"@type\":\"SearchAction\",\"target\":{\"@type\":\"EntryPoint\",\"urlTemplate\":\"https:\/\/monchstein.at\/fr\/?s={search_term_string}\"},\"query-input\":{\"@type\":\"PropertyValueSpecification\",\"valueRequired\":true,\"valueName\":\"search_term_string\"}}],\"inLanguage\":\"fr-FR\"},{\"@type\":\"Organization\",\"@id\":\"https:\/\/monchstein.at\/fr\/#organization\",\"name\":\"Hotel Schloss M\u00f6nchstein*****s\",\"url\":\"https:\/\/monchstein.at\/fr\/\",\"logo\":{\"@type\":\"ImageObject\",\"inLanguage\":\"fr-FR\",\"@id\":\"https:\/\/monchstein.at\/fr\/#\/schema\/logo\/image\/\",\"url\":\"https:\/\/monchstein.at\/wp-content\/uploads\/2025\/06\/Hotel-Schloss-Monchstein-Logo.svg\",\"contentUrl\":\"https:\/\/monchstein.at\/wp-content\/uploads\/2025\/06\/Hotel-Schloss-Monchstein-Logo.svg\",\"width\":595.28,\"height\":273.01,\"caption\":\"Hotel Schloss M\u00f6nchstein*****s\"},\"image\":{\"@id\":\"https:\/\/monchstein.at\/fr\/#\/schema\/logo\/image\/\"}}]}<\/script>\n<!-- \/ Yoast SEO plugin. -->","yoast_head_json":{"title":"Contact Hotel Schloss M\u00f6nchstein \u2013 H\u00f4tel de luxe Salzbourg","description":"Contactez l'Hotel Schloss M\u00f6nchstein*****s \u00e0 Salzbourg. R\u00e9servations, demandes & informations concernant votre s\u00e9jour, vos \u00e9v\u00e9nements ou votre visite au restaurant.","robots":{"index":"index","follow":"follow","max-snippet":"max-snippet:-1","max-image-preview":"max-image-preview:large","max-video-preview":"max-video-preview:-1"},"canonical":"https:\/\/monchstein.at\/fr\/contact\/","og_locale":"fr_FR","og_type":"article","og_title":"Contact Hotel Schloss M\u00f6nchstein \u2013 H\u00f4tel de luxe Salzbourg","og_description":"Contactez l'Hotel Schloss M\u00f6nchstein*****s \u00e0 Salzbourg. R\u00e9servations, demandes & informations concernant votre s\u00e9jour, vos \u00e9v\u00e9nements ou votre visite au restaurant.","og_url":"https:\/\/monchstein.at\/fr\/contact\/","og_site_name":"Hotel Schloss M\u00f6nchstein*****s","article_modified_time":"2026-03-14T12:13:09+00:00","og_image":[{"width":2500,"height":1666,"url":"https:\/\/monchstein.at\/wp-content\/uploads\/2025\/07\/DSC04574-Bearbeitet-Bearbeitet.jpg","type":"image\/jpeg"}],"twitter_card":"summary_large_image","twitter_misc":{"Dur\u00e9e de lecture estim\u00e9e":"1 minute"},"schema":{"@context":"https:\/\/schema.org","@graph":[{"@type":"WebPage","@id":"https:\/\/monchstein.at\/fr\/contact\/","url":"https:\/\/monchstein.at\/fr\/contact\/","name":"Contact Hotel Schloss M\u00f6nchstein \u2013 H\u00f4tel de luxe Salzbourg","isPartOf":{"@id":"https:\/\/monchstein.at\/fr\/#website"},"primaryImageOfPage":{"@id":"https:\/\/monchstein.at\/fr\/contact\/#primaryimage"},"image":{"@id":"https:\/\/monchstein.at\/fr\/contact\/#primaryimage"},"thumbnailUrl":"https:\/\/monchstein.at\/wp-content\/uploads\/2025\/07\/DSC04574-Bearbeitet-Bearbeitet.jpg","datePublished":"2025-08-11T19:31:25+00:00","dateModified":"2026-03-14T12:13:09+00:00","description":"Contactez l'Hotel Schloss M\u00f6nchstein*****s \u00e0 Salzbourg. R\u00e9servations, demandes & informations concernant votre s\u00e9jour, vos \u00e9v\u00e9nements ou votre visite au restaurant.","breadcrumb":{"@id":"https:\/\/monchstein.at\/fr\/contact\/#breadcrumb"},"inLanguage":"fr-FR","potentialAction":[{"@type":"ReadAction","target":["https:\/\/monchstein.at\/fr\/contact\/"]}]},{"@type":"ImageObject","inLanguage":"fr-FR","@id":"https:\/\/monchstein.at\/fr\/contact\/#primaryimage","url":"https:\/\/monchstein.at\/wp-content\/uploads\/2025\/07\/DSC04574-Bearbeitet-Bearbeitet.jpg","contentUrl":"https:\/\/monchstein.at\/wp-content\/uploads\/2025\/07\/DSC04574-Bearbeitet-Bearbeitet.jpg","width":2500,"height":1666},{"@type":"BreadcrumbList","@id":"https:\/\/monchstein.at\/fr\/contact\/#breadcrumb","itemListElement":[{"@type":"ListItem","position":1,"name":"Accueil","item":"https:\/\/monchstein.at\/fr\/"},{"@type":"ListItem","position":2,"name":"Contact"}]},{"@type":"WebSite","@id":"https:\/\/monchstein.at\/fr\/#website","url":"https:\/\/monchstein.at\/fr\/","name":"Hotel Schloss M\u00f6nchstein*****s","description":"Luxushotel Salzburg","publisher":{"@id":"https:\/\/monchstein.at\/fr\/#organization"},"potentialAction":[{"@type":"SearchAction","target":{"@type":"EntryPoint","urlTemplate":"https:\/\/monchstein.at\/fr\/?s={search_term_string}"},"query-input":{"@type":"PropertyValueSpecification","valueRequired":true,"valueName":"search_term_string"}}],"inLanguage":"fr-FR"},{"@type":"Organization","@id":"https:\/\/monchstein.at\/fr\/#organization","name":"Hotel Schloss M\u00f6nchstein*****s","url":"https:\/\/monchstein.at\/fr\/","logo":{"@type":"ImageObject","inLanguage":"fr-FR","@id":"https:\/\/monchstein.at\/fr\/#\/schema\/logo\/image\/","url":"https:\/\/monchstein.at\/wp-content\/uploads\/2025\/06\/Hotel-Schloss-Monchstein-Logo.svg","contentUrl":"https:\/\/monchstein.at\/wp-content\/uploads\/2025\/06\/Hotel-Schloss-Monchstein-Logo.svg","width":595.28,"height":273.01,"caption":"Hotel Schloss M\u00f6nchstein*****s"},"image":{"@id":"https:\/\/monchstein.at\/fr\/#\/schema\/logo\/image\/"}}]}},"_links":{"self":[{"href":"https:\/\/monchstein.at\/fr\/wp-json\/wp\/v2\/pages\/79936","targetHints":{"allow":["GET"]}}],"collection":[{"href":"https:\/\/monchstein.at\/fr\/wp-json\/wp\/v2\/pages"}],"about":[{"href":"https:\/\/monchstein.at\/fr\/wp-json\/wp\/v2\/types\/page"}],"author":[{"embeddable":true,"href":"https:\/\/monchstein.at\/fr\/wp-json\/wp\/v2\/users\/1"}],"replies":[{"embeddable":true,"href":"https:\/\/monchstein.at\/fr\/wp-json\/wp\/v2\/comments?post=79936"}],"version-history":[{"count":1,"href":"https:\/\/monchstein.at\/fr\/wp-json\/wp\/v2\/pages\/79936\/revisions"}],"predecessor-version":[{"id":80005,"href":"https:\/\/monchstein.at\/fr\/wp-json\/wp\/v2\/pages\/79936\/revisions\/80005"}],"wp:featuredmedia":[{"embeddable":true,"href":"https:\/\/monchstein.at\/fr\/wp-json\/wp\/v2\/media\/79937"}],"wp:attachment":[{"href":"https:\/\/monchstein.at\/fr\/wp-json\/wp\/v2\/media?parent=79936"}],"curies":[{"name":"wp","href":"https:\/\/api.w.org\/{rel}","templated":true}]}}