{"id":80197,"date":"2025-06-26T14:43:10","date_gmt":"2025-06-26T12:43:10","guid":{"rendered":"https:\/\/monchstein.at\/protection-des-donnees\/"},"modified":"2026-03-14T13:15:20","modified_gmt":"2026-03-14T12:15:20","slug":"protection-des-donnees","status":"publish","type":"page","link":"https:\/\/monchstein.at\/fr\/protection-des-donnees\/","title":{"rendered":"Protection des donn\u00e9es"},"content":{"rendered":"\t\t<div data-elementor-type=\"wp-page\" data-elementor-id=\"80197\" class=\"elementor elementor-80197 elementor-2079\" data-elementor-post-type=\"page\">\n\t\t\t\t<div class=\"elementor-element elementor-element-fcf25ca e-flex e-con-boxed e-con e-parent\" data-id=\"fcf25ca\" data-element_type=\"container\" data-e-type=\"container\" data-settings=\"{&quot;background_background&quot;:&quot;classic&quot;}\">\n\t\t\t\t\t<div class=\"e-con-inner\">\n\t\t\t\t<div class=\"elementor-element elementor-element-5a5ca2c elementor-widget-mobile__width-inherit elementor-widget elementor-widget-heading\" data-id=\"5a5ca2c\" data-element_type=\"widget\" data-e-type=\"widget\" data-widget_type=\"heading.default\">\n\t\t\t\t<div class=\"elementor-widget-container\">\n\t\t\t\t\t<h1 class=\"elementor-heading-title elementor-size-default\">Protection des donn\u00e9es<\/h1>\t\t\t\t<\/div>\n\t\t\t\t<\/div>\n\t\t\t\t\t<\/div>\n\t\t\t\t<\/div>\n\t\t<div class=\"elementor-element elementor-element-3baba25 e-flex e-con-boxed e-con e-parent\" data-id=\"3baba25\" data-element_type=\"container\" data-e-type=\"container\">\n\t\t\t\t\t<div class=\"e-con-inner\">\n\t\t<div class=\"elementor-element elementor-element-fe1c5b1 e-con-full e-flex e-con e-child\" data-id=\"fe1c5b1\" data-element_type=\"container\" data-e-type=\"container\">\n\t\t\t\t<div class=\"elementor-element elementor-element-a44032c elementor-widget elementor-widget-heading\" data-id=\"a44032c\" data-element_type=\"widget\" data-e-type=\"widget\" data-widget_type=\"heading.default\">\n\t\t\t\t<div class=\"elementor-widget-container\">\n\t\t\t\t\t<h2 class=\"elementor-heading-title elementor-size-default\">Protection des donn\u00e9es<\/h2>\t\t\t\t<\/div>\n\t\t\t\t<\/div>\n\t\t\t\t<div class=\"elementor-element elementor-element-ff02994 elementor-widget elementor-widget-text-editor\" data-id=\"ff02994\" data-element_type=\"widget\" data-e-type=\"widget\" data-widget_type=\"text-editor.default\">\n\t\t\t\t<div class=\"elementor-widget-container\">\n\t\t\t\t\t\t\t\t\t<p class=\"empt\">Les op\u00e9rateurs de ces pages prennent tr\u00e8s au s\u00e9rieux la protection de vos donn\u00e9es personnelles. Nous traitons vos donn\u00e9es personnelles de mani\u00e8re confidentielle et conform\u00e9ment aux dispositions l\u00e9gales en mati\u00e8re de protection des donn\u00e9es ainsi qu&rsquo;\u00e0 la pr\u00e9sente d\u00e9claration de confidentialit\u00e9. <\/p>\n<p class=\"empt\">Si l&rsquo;offre internet permet la saisie de donn\u00e9es personnelles ou commerciales (adresses e-mail, noms, adresses), la divulgation de ces donn\u00e9es par l&rsquo;utilisateur se fait sur une base express\u00e9ment volontaire. L&rsquo;utilisation et le paiement de tous les services propos\u00e9s sont \u2013 dans la mesure du possible et du raisonnable techniquement \u2013 \u00e9galement autoris\u00e9s sans la fourniture de telles donn\u00e9es ou avec la fourniture de donn\u00e9es anonymis\u00e9es ou d&rsquo;un pseudonyme. L&rsquo;utilisation par des tiers des coordonn\u00e9es publi\u00e9es dans le cadre des mentions l\u00e9gales ou d&rsquo;informations comparables, telles que les adresses postales, les num\u00e9ros de t\u00e9l\u00e9phone et de fax ainsi que les adresses e-mail, pour l&rsquo;envoi d&rsquo;informations non express\u00e9ment sollicit\u00e9es n&rsquo;est pas autoris\u00e9e. Des poursuites judiciaires contre les exp\u00e9diteurs de courriers ind\u00e9sirables (spams) en cas de violation de cette interdiction sont express\u00e9ment r\u00e9serv\u00e9es.   <\/p>\t\t\t\t\t\t\t\t<\/div>\n\t\t\t\t<\/div>\n\t\t\t\t<\/div>\n\t\t<div class=\"elementor-element elementor-element-473ba43 e-con-full e-flex e-con e-child\" data-id=\"473ba43\" data-element_type=\"container\" data-e-type=\"container\">\n\t\t\t\t<div class=\"elementor-element elementor-element-7b0af58 elementor-widget elementor-widget-heading\" data-id=\"7b0af58\" data-element_type=\"widget\" data-e-type=\"widget\" data-widget_type=\"heading.default\">\n\t\t\t\t<div class=\"elementor-widget-container\">\n\t\t\t\t\t<h2 class=\"elementor-heading-title elementor-size-default\">R\u00e9f\u00e9rences et liens<\/h2>\t\t\t\t<\/div>\n\t\t\t\t<\/div>\n\t\t\t\t<div class=\"elementor-element elementor-element-cd1449e elementor-widget elementor-widget-text-editor\" data-id=\"cd1449e\" data-element_type=\"widget\" data-e-type=\"widget\" data-widget_type=\"text-editor.default\">\n\t\t\t\t<div class=\"elementor-widget-container\">\n\t\t\t\t\t\t\t\t\t<p class=\"empt\">En cas de r\u00e9f\u00e9rences directes ou indirectes \u00e0 des sites web externes (\u00ab hyperliens \u00bb) qui ne rel\u00e8vent pas de la responsabilit\u00e9 de l&rsquo;auteur, une obligation de responsabilit\u00e9 n&rsquo;entrerait en vigueur que si l&rsquo;auteur avait connaissance des contenus et qu&rsquo;il lui \u00e9tait techniquement possible et raisonnable d&#8217;emp\u00eacher l&rsquo;utilisation en cas de contenus ill\u00e9gaux.<\/p>\n<p class=\"empt\">L&rsquo;auteur d\u00e9clare express\u00e9ment par la pr\u00e9sente qu&rsquo;au moment de la cr\u00e9ation des liens, aucun contenu ill\u00e9gal n&rsquo;\u00e9tait reconnaissable sur les pages \u00e0 lier. L&rsquo;auteur n&rsquo;a aucune influence sur la conception actuelle et future, les contenus ou la paternit\u00e9 des pages li\u00e9es\/connect\u00e9es. C&rsquo;est pourquoi il se distancie express\u00e9ment par la pr\u00e9sente de tous les contenus de toutes les pages li\u00e9es\/connect\u00e9es qui ont \u00e9t\u00e9 modifi\u00e9es apr\u00e8s la cr\u00e9ation du lien. Cette d\u00e9claration s&rsquo;applique \u00e0 tous les liens et r\u00e9f\u00e9rences plac\u00e9s au sein de sa propre offre internet ainsi qu&rsquo;aux entr\u00e9es externes dans les livres d&rsquo;or, forums de discussion, r\u00e9pertoires de liens, listes de diffusion et toutes les autres formes de bases de donn\u00e9es \u00e9tablies par l&rsquo;auteur, dont le contenu est accessible en \u00e9criture par des tiers. Pour les contenus ill\u00e9gaux, erron\u00e9s ou incomplets et en particulier pour les dommages r\u00e9sultant de l&rsquo;utilisation ou de la non-utilisation de telles informations pr\u00e9sent\u00e9es, seul le fournisseur de la page \u00e0 laquelle il a \u00e9t\u00e9 fait r\u00e9f\u00e9rence est responsable, et non celui qui se contente de renvoyer \u00e0 la publication respective par des liens.    <\/p>\n\t\t\t\t\t\t\t\t<\/div>\n\t\t\t\t<\/div>\n\t\t\t\t<\/div>\n\t\t<div class=\"elementor-element elementor-element-d6b2aac e-con-full e-flex e-con e-child\" data-id=\"d6b2aac\" data-element_type=\"container\" data-e-type=\"container\">\n\t\t\t\t<div class=\"elementor-element elementor-element-8d80812 elementor-widget elementor-widget-heading\" data-id=\"8d80812\" data-element_type=\"widget\" data-e-type=\"widget\" data-widget_type=\"heading.default\">\n\t\t\t\t<div class=\"elementor-widget-container\">\n\t\t\t\t\t<h2 class=\"elementor-heading-title elementor-size-default\">Cookie<\/h2>\t\t\t\t<\/div>\n\t\t\t\t<\/div>\n\t\t\t\t<div class=\"elementor-element elementor-element-b4c7e1d elementor-widget elementor-widget-text-editor\" data-id=\"b4c7e1d\" data-element_type=\"widget\" data-e-type=\"widget\" data-widget_type=\"text-editor.default\">\n\t\t\t\t<div class=\"elementor-widget-container\">\n\t\t\t\t\t\t\t\t\t<p>Les pages internet utilisent en partie des \u00ab cookies \u00bb. Les cookies n&rsquo;endommagent pas votre ordinateur et ne contiennent pas de virus. Les cookies servent \u00e0 rendre notre offre plus conviviale, plus efficace et plus s\u00fbre. Les cookies sont de petits fichiers texte qui sont stock\u00e9s sur votre ordinateur et que votre navigateur enregistre.   <\/p>\n\n<p>La plupart des cookies que nous utilisons sont des \u00ab cookies de session \u00bb. Ils sont automatiquement supprim\u00e9s apr\u00e8s la fin de votre visite. D&rsquo;autres cookies restent stock\u00e9s sur votre appareil jusqu&rsquo;\u00e0 ce que vous les supprimiez. Ces cookies nous permettent de reconna\u00eetre votre navigateur lors de votre prochaine visite.   <\/p>\t\t\t\t\t\t\t\t<\/div>\n\t\t\t\t<\/div>\n\t\t\t\t<\/div>\n\t\t<div class=\"elementor-element elementor-element-8fbbd76 e-con-full e-flex e-con e-child\" data-id=\"8fbbd76\" data-element_type=\"container\" data-e-type=\"container\">\n\t\t\t\t<div class=\"elementor-element elementor-element-6b4e96a elementor-widget elementor-widget-heading\" data-id=\"6b4e96a\" data-element_type=\"widget\" data-e-type=\"widget\" data-widget_type=\"heading.default\">\n\t\t\t\t<div class=\"elementor-widget-container\">\n\t\t\t\t\t<h2 class=\"elementor-heading-title elementor-size-default\">Google Analytics<\/h2>\t\t\t\t<\/div>\n\t\t\t\t<\/div>\n\t\t\t\t<div class=\"elementor-element elementor-element-795cba5 elementor-widget elementor-widget-text-editor\" data-id=\"795cba5\" data-element_type=\"widget\" data-e-type=\"widget\" data-widget_type=\"text-editor.default\">\n\t\t\t\t<div class=\"elementor-widget-container\">\n\t\t\t\t\t\t\t\t\t<p>Ce site web utilise Google Analytics, un service d&rsquo;analyse web de Google Inc. (\u00ab Google \u00bb). Google Analytics utilise des \u00ab cookies \u00bb, des fichiers texte qui sont stock\u00e9s sur votre ordinateur et qui permettent une analyse de votre utilisation du site web. Les informations g\u00e9n\u00e9r\u00e9es par le cookie concernant votre utilisation de ce site web sont g\u00e9n\u00e9ralement transmises \u00e0 un serveur de Google aux \u00c9tats-Unis et y sont stock\u00e9es.   <\/p>\n\n<p>En cas d&rsquo;activation de l&rsquo;anonymisation de l&rsquo;IP sur ce site web, votre adresse IP sera toutefois pr\u00e9alablement raccourcie par Google au sein des \u00c9tats membres de l&rsquo;Union europ\u00e9enne ou dans d&rsquo;autres \u00c9tats signataires de l&rsquo;accord sur l&rsquo;Espace \u00e9conomique europ\u00e9en. Ce n&rsquo;est que dans des cas exceptionnels que l&rsquo;adresse IP compl\u00e8te sera transmise \u00e0 un serveur de Google aux \u00c9tats-Unis et y sera raccourcie. Au nom de l&rsquo;op\u00e9rateur de ce site web, Google utilisera ces informations pour \u00e9valuer votre utilisation du site web, pour compiler des rapports sur les activit\u00e9s du site web et pour fournir d&rsquo;autres services li\u00e9s \u00e0 l&rsquo;utilisation du site web et d&rsquo;internet \u00e0 l&rsquo;op\u00e9rateur du site web. L&rsquo;adresse IP transmise par votre navigateur dans le cadre de Google Analytics ne sera pas fusionn\u00e9e avec d&rsquo;autres donn\u00e9es de Google.  <\/p>\n\n<p>Vous pouvez emp\u00eacher l&rsquo;enregistrement des cookies en configurant votre logiciel de navigation en cons\u00e9quence ; nous attirons toutefois votre attention sur le fait que, dans ce cas, vous ne pourrez peut-\u00eatre pas utiliser toutes les fonctions de ce site web dans leur int\u00e9gralit\u00e9. Vous pouvez en outre emp\u00eacher la collecte par Google des donn\u00e9es g\u00e9n\u00e9r\u00e9es par le cookie et relatives \u00e0 votre utilisation du site web (y compris votre adresse IP) ainsi que le traitement de ces donn\u00e9es par Google en t\u00e9l\u00e9chargeant et en installant le plug-in de navigateur disponible sous le lien suivant : http:\/\/tools.google.com\/dlpage\/gaoptout?hl=de. <\/p>\t\t\t\t\t\t\t\t<\/div>\n\t\t\t\t<\/div>\n\t\t\t\t<\/div>\n\t\t<div class=\"elementor-element elementor-element-ec94985 e-con-full e-flex e-con e-child\" data-id=\"ec94985\" data-element_type=\"container\" data-e-type=\"container\">\n\t\t\t\t<div class=\"elementor-element elementor-element-c0716b0 elementor-widget elementor-widget-heading\" data-id=\"c0716b0\" data-element_type=\"widget\" data-e-type=\"widget\" data-widget_type=\"heading.default\">\n\t\t\t\t<div class=\"elementor-widget-container\">\n\t\t\t\t\t<h2 class=\"elementor-heading-title elementor-size-default\">Pixel Facebook<\/h2>\t\t\t\t<\/div>\n\t\t\t\t<\/div>\n\t\t\t\t<div class=\"elementor-element elementor-element-abafb30 elementor-widget elementor-widget-text-editor\" data-id=\"abafb30\" data-element_type=\"widget\" data-e-type=\"widget\" data-widget_type=\"text-editor.default\">\n\t\t\t\t<div class=\"elementor-widget-container\">\n\t\t\t\t\t\t\t\t\tCe site web utilise la fonction de remarketing \u00ab Audiences personnalis\u00e9es \u00bb de Facebook Inc. (\u00ab Facebook \u00bb). Cette fonction sert \u00e0 pr\u00e9senter des publicit\u00e9s Facebook (\u00ab Facebook-Ads \u00bb) aux visiteurs de ce site web dans le cadre de leur visite du r\u00e9seau social Facebook. \u00c0 cette fin, le tag de remarketing de Facebook a \u00e9t\u00e9 impl\u00e9ment\u00e9 sur ce site web. Gr\u00e2ce \u00e0 ce tag, une connexion directe aux serveurs de Facebook est \u00e9tablie lors de la visite du site web. Il est alors transmis au serveur Facebook que vous avez visit\u00e9 ce site web et Facebook associe cette information \u00e0 votre compte utilisateur Facebook personnel. Vous trouverez de plus amples informations sur la collecte et l&rsquo;utilisation des donn\u00e9es par Facebook ainsi que sur vos droits et possibilit\u00e9s de protection de votre vie priv\u00e9e \u00e0 cet \u00e9gard dans les informations sur la protection des donn\u00e9es de Facebook \u00e0 l&rsquo;adresse https:\/\/www.facebook.com\/about\/privacy\/. Alternativement, vous pouvez d\u00e9sactiver la fonction de remarketing \u00ab Audiences personnalis\u00e9es \u00bb \u00e0 l&rsquo;adresse https:\/\/www.facebook.com\/settings\/?tab=ads#_=_ . Pour cela, vous devez \u00eatre connect\u00e9 \u00e0 Facebook.       \t\t\t\t\t\t\t\t<\/div>\n\t\t\t\t<\/div>\n\t\t\t\t<\/div>\n\t\t\t\t\t<\/div>\n\t\t\t\t<\/div>\n\t\t\t\t<\/div>\n\t\t","protected":false},"excerpt":{"rendered":"<p>Protection des donn\u00e9es Protection des donn\u00e9es Les op\u00e9rateurs de ces pages prennent tr\u00e8s au s\u00e9rieux la protection de vos donn\u00e9es [&hellip;]<\/p>\n","protected":false},"author":1,"featured_media":0,"parent":0,"menu_order":0,"comment_status":"closed","ping_status":"closed","template":"elementor_header_footer","meta":{"_acf_changed":false,"inline_featured_image":false,"site-sidebar-layout":"no-sidebar","site-content-layout":"","ast-site-content-layout":"full-width-container","site-content-style":"default","site-sidebar-style":"default","ast-global-header-display":"","ast-banner-title-visibility":"","ast-main-header-display":"","ast-hfb-above-header-display":"","ast-hfb-below-header-display":"","ast-hfb-mobile-header-display":"","site-post-title":"disabled","ast-breadcrumbs-content":"","ast-featured-img":"disabled","footer-sml-layout":"","theme-transparent-header-meta":"","adv-header-id-meta":"","stick-header-meta":"","header-above-stick-meta":"","header-main-stick-meta":"","header-below-stick-meta":"","astra-migrate-meta-layouts":"default","ast-page-background-enabled":"default","ast-page-background-meta":{"desktop":{"background-color":"var(--ast-global-color-5)","background-image":"","background-repeat":"repeat","background-position":"center center","background-size":"auto","background-attachment":"scroll","background-type":"","background-media":"","overlay-type":"","overlay-color":"","overlay-opacity":"","overlay-gradient":""},"tablet":{"background-color":"","background-image":"","background-repeat":"repeat","background-position":"center center","background-size":"auto","background-attachment":"scroll","background-type":"","background-media":"","overlay-type":"","overlay-color":"","overlay-opacity":"","overlay-gradient":""},"mobile":{"background-color":"","background-image":"","background-repeat":"repeat","background-position":"center center","background-size":"auto","background-attachment":"scroll","background-type":"","background-media":"","overlay-type":"","overlay-color":"","overlay-opacity":"","overlay-gradient":""}},"ast-content-background-meta":{"desktop":{"background-color":"var(--ast-global-color-4)","background-image":"","background-repeat":"repeat","background-position":"center center","background-size":"auto","background-attachment":"scroll","background-type":"","background-media":"","overlay-type":"","overlay-color":"","overlay-opacity":"","overlay-gradient":""},"tablet":{"background-color":"var(--ast-global-color-4)","background-image":"","background-repeat":"repeat","background-position":"center center","background-size":"auto","background-attachment":"scroll","background-type":"","background-media":"","overlay-type":"","overlay-color":"","overlay-opacity":"","overlay-gradient":""},"mobile":{"background-color":"var(--ast-global-color-4)","background-image":"","background-repeat":"repeat","background-position":"center center","background-size":"auto","background-attachment":"scroll","background-type":"","background-media":"","overlay-type":"","overlay-color":"","overlay-opacity":"","overlay-gradient":""}},"footnotes":""},"class_list":["post-80197","page","type-page","status-publish","hentry"],"acf":[],"yoast_head":"<!-- This site is optimized with the Yoast SEO plugin v27.2 - https:\/\/yoast.com\/product\/yoast-seo-wordpress\/ -->\n<title>Protection des donn\u00e9es - Hotel Schloss M\u00f6nchstein*****s<\/title>\n<meta name=\"robots\" content=\"noindex, nofollow\" \/>\n<meta property=\"og:locale\" content=\"fr_FR\" \/>\n<meta property=\"og:type\" content=\"article\" \/>\n<meta property=\"og:title\" content=\"Protection des donn\u00e9es - Hotel Schloss M\u00f6nchstein*****s\" \/>\n<meta property=\"og:description\" content=\"Protection des donn\u00e9es Protection des donn\u00e9es Les op\u00e9rateurs de ces pages prennent tr\u00e8s au s\u00e9rieux la protection de vos donn\u00e9es [&hellip;]\" \/>\n<meta property=\"og:url\" content=\"https:\/\/monchstein.at\/fr\/protection-des-donnees\/\" \/>\n<meta property=\"og:site_name\" content=\"Hotel Schloss M\u00f6nchstein*****s\" \/>\n<meta property=\"article:modified_time\" content=\"2026-03-14T12:15:20+00:00\" \/>\n<meta name=\"twitter:card\" content=\"summary_large_image\" \/>\n<meta name=\"twitter:label1\" content=\"Dur\u00e9e de lecture estim\u00e9e\" \/>\n\t<meta name=\"twitter:data1\" content=\"5 minutes\" \/>\n<script type=\"application\/ld+json\" class=\"yoast-schema-graph\">{\"@context\":\"https:\/\/schema.org\",\"@graph\":[{\"@type\":\"WebPage\",\"@id\":\"https:\/\/monchstein.at\/fr\/protection-des-donnees\/\",\"url\":\"https:\/\/monchstein.at\/fr\/protection-des-donnees\/\",\"name\":\"Protection des donn\u00e9es - Hotel Schloss M\u00f6nchstein*****s\",\"isPartOf\":{\"@id\":\"https:\/\/monchstein.at\/fr\/#website\"},\"datePublished\":\"2025-06-26T12:43:10+00:00\",\"dateModified\":\"2026-03-14T12:15:20+00:00\",\"breadcrumb\":{\"@id\":\"https:\/\/monchstein.at\/fr\/protection-des-donnees\/#breadcrumb\"},\"inLanguage\":\"fr-FR\",\"potentialAction\":[{\"@type\":\"ReadAction\",\"target\":[\"https:\/\/monchstein.at\/fr\/protection-des-donnees\/\"]}]},{\"@type\":\"BreadcrumbList\",\"@id\":\"https:\/\/monchstein.at\/fr\/protection-des-donnees\/#breadcrumb\",\"itemListElement\":[{\"@type\":\"ListItem\",\"position\":1,\"name\":\"Accueil\",\"item\":\"https:\/\/monchstein.at\/fr\/\"},{\"@type\":\"ListItem\",\"position\":2,\"name\":\"Protection des donn\u00e9es\"}]},{\"@type\":\"WebSite\",\"@id\":\"https:\/\/monchstein.at\/fr\/#website\",\"url\":\"https:\/\/monchstein.at\/fr\/\",\"name\":\"Hotel Schloss M\u00f6nchstein*****s\",\"description\":\"Luxushotel Salzburg\",\"publisher\":{\"@id\":\"https:\/\/monchstein.at\/fr\/#organization\"},\"potentialAction\":[{\"@type\":\"SearchAction\",\"target\":{\"@type\":\"EntryPoint\",\"urlTemplate\":\"https:\/\/monchstein.at\/fr\/?s={search_term_string}\"},\"query-input\":{\"@type\":\"PropertyValueSpecification\",\"valueRequired\":true,\"valueName\":\"search_term_string\"}}],\"inLanguage\":\"fr-FR\"},{\"@type\":\"Organization\",\"@id\":\"https:\/\/monchstein.at\/fr\/#organization\",\"name\":\"Hotel Schloss M\u00f6nchstein*****s\",\"url\":\"https:\/\/monchstein.at\/fr\/\",\"logo\":{\"@type\":\"ImageObject\",\"inLanguage\":\"fr-FR\",\"@id\":\"https:\/\/monchstein.at\/fr\/#\/schema\/logo\/image\/\",\"url\":\"https:\/\/monchstein.at\/wp-content\/uploads\/2025\/06\/Hotel-Schloss-Monchstein-Logo.svg\",\"contentUrl\":\"https:\/\/monchstein.at\/wp-content\/uploads\/2025\/06\/Hotel-Schloss-Monchstein-Logo.svg\",\"width\":595.28,\"height\":273.01,\"caption\":\"Hotel Schloss M\u00f6nchstein*****s\"},\"image\":{\"@id\":\"https:\/\/monchstein.at\/fr\/#\/schema\/logo\/image\/\"}}]}<\/script>\n<!-- \/ Yoast SEO plugin. -->","yoast_head_json":{"title":"Protection des donn\u00e9es - Hotel Schloss M\u00f6nchstein*****s","robots":{"index":"noindex","follow":"nofollow"},"og_locale":"fr_FR","og_type":"article","og_title":"Protection des donn\u00e9es - Hotel Schloss M\u00f6nchstein*****s","og_description":"Protection des donn\u00e9es Protection des donn\u00e9es Les op\u00e9rateurs de ces pages prennent tr\u00e8s au s\u00e9rieux la protection de vos donn\u00e9es [&hellip;]","og_url":"https:\/\/monchstein.at\/fr\/protection-des-donnees\/","og_site_name":"Hotel Schloss M\u00f6nchstein*****s","article_modified_time":"2026-03-14T12:15:20+00:00","twitter_card":"summary_large_image","twitter_misc":{"Dur\u00e9e de lecture estim\u00e9e":"5 minutes"},"schema":{"@context":"https:\/\/schema.org","@graph":[{"@type":"WebPage","@id":"https:\/\/monchstein.at\/fr\/protection-des-donnees\/","url":"https:\/\/monchstein.at\/fr\/protection-des-donnees\/","name":"Protection des donn\u00e9es - Hotel Schloss M\u00f6nchstein*****s","isPartOf":{"@id":"https:\/\/monchstein.at\/fr\/#website"},"datePublished":"2025-06-26T12:43:10+00:00","dateModified":"2026-03-14T12:15:20+00:00","breadcrumb":{"@id":"https:\/\/monchstein.at\/fr\/protection-des-donnees\/#breadcrumb"},"inLanguage":"fr-FR","potentialAction":[{"@type":"ReadAction","target":["https:\/\/monchstein.at\/fr\/protection-des-donnees\/"]}]},{"@type":"BreadcrumbList","@id":"https:\/\/monchstein.at\/fr\/protection-des-donnees\/#breadcrumb","itemListElement":[{"@type":"ListItem","position":1,"name":"Accueil","item":"https:\/\/monchstein.at\/fr\/"},{"@type":"ListItem","position":2,"name":"Protection des donn\u00e9es"}]},{"@type":"WebSite","@id":"https:\/\/monchstein.at\/fr\/#website","url":"https:\/\/monchstein.at\/fr\/","name":"Hotel Schloss M\u00f6nchstein*****s","description":"Luxushotel Salzburg","publisher":{"@id":"https:\/\/monchstein.at\/fr\/#organization"},"potentialAction":[{"@type":"SearchAction","target":{"@type":"EntryPoint","urlTemplate":"https:\/\/monchstein.at\/fr\/?s={search_term_string}"},"query-input":{"@type":"PropertyValueSpecification","valueRequired":true,"valueName":"search_term_string"}}],"inLanguage":"fr-FR"},{"@type":"Organization","@id":"https:\/\/monchstein.at\/fr\/#organization","name":"Hotel Schloss M\u00f6nchstein*****s","url":"https:\/\/monchstein.at\/fr\/","logo":{"@type":"ImageObject","inLanguage":"fr-FR","@id":"https:\/\/monchstein.at\/fr\/#\/schema\/logo\/image\/","url":"https:\/\/monchstein.at\/wp-content\/uploads\/2025\/06\/Hotel-Schloss-Monchstein-Logo.svg","contentUrl":"https:\/\/monchstein.at\/wp-content\/uploads\/2025\/06\/Hotel-Schloss-Monchstein-Logo.svg","width":595.28,"height":273.01,"caption":"Hotel Schloss M\u00f6nchstein*****s"},"image":{"@id":"https:\/\/monchstein.at\/fr\/#\/schema\/logo\/image\/"}}]}},"_links":{"self":[{"href":"https:\/\/monchstein.at\/fr\/wp-json\/wp\/v2\/pages\/80197","targetHints":{"allow":["GET"]}}],"collection":[{"href":"https:\/\/monchstein.at\/fr\/wp-json\/wp\/v2\/pages"}],"about":[{"href":"https:\/\/monchstein.at\/fr\/wp-json\/wp\/v2\/types\/page"}],"author":[{"embeddable":true,"href":"https:\/\/monchstein.at\/fr\/wp-json\/wp\/v2\/users\/1"}],"replies":[{"embeddable":true,"href":"https:\/\/monchstein.at\/fr\/wp-json\/wp\/v2\/comments?post=80197"}],"version-history":[{"count":1,"href":"https:\/\/monchstein.at\/fr\/wp-json\/wp\/v2\/pages\/80197\/revisions"}],"predecessor-version":[{"id":80198,"href":"https:\/\/monchstein.at\/fr\/wp-json\/wp\/v2\/pages\/80197\/revisions\/80198"}],"wp:attachment":[{"href":"https:\/\/monchstein.at\/fr\/wp-json\/wp\/v2\/media?parent=80197"}],"curies":[{"name":"wp","href":"https:\/\/api.w.org\/{rel}","templated":true}]}}