{"id":81015,"date":"2025-06-26T14:31:58","date_gmt":"2025-06-26T12:31:58","guid":{"rendered":"https:\/\/monchstein.at\/cgv\/"},"modified":"2026-03-14T13:32:28","modified_gmt":"2026-03-14T12:32:28","slug":"cgv","status":"publish","type":"page","link":"https:\/\/monchstein.at\/fr\/cgv\/","title":{"rendered":"CGV"},"content":{"rendered":"\t\t<div data-elementor-type=\"wp-page\" data-elementor-id=\"81015\" class=\"elementor elementor-81015 elementor-2068\" data-elementor-post-type=\"page\">\n\t\t\t\t<div class=\"elementor-element elementor-element-90b8d29 e-flex e-con-boxed e-con e-parent\" data-id=\"90b8d29\" data-element_type=\"container\" data-e-type=\"container\" data-settings=\"{&quot;background_background&quot;:&quot;classic&quot;}\">\n\t\t\t\t\t<div class=\"e-con-inner\">\n\t\t\t\t<div class=\"elementor-element elementor-element-f7c8394 elementor-widget-mobile__width-inherit elementor-widget elementor-widget-heading\" data-id=\"f7c8394\" data-element_type=\"widget\" data-e-type=\"widget\" data-widget_type=\"heading.default\">\n\t\t\t\t<div class=\"elementor-widget-container\">\n\t\t\t\t\t<h1 class=\"elementor-heading-title elementor-size-default\">CGV<\/h1>\t\t\t\t<\/div>\n\t\t\t\t<\/div>\n\t\t\t\t\t<\/div>\n\t\t\t\t<\/div>\n\t\t<div class=\"elementor-element elementor-element-e33d7e2 e-flex e-con-boxed e-con e-parent\" data-id=\"e33d7e2\" data-element_type=\"container\" data-e-type=\"container\">\n\t\t\t\t\t<div class=\"e-con-inner\">\n\t\t<div class=\"elementor-element elementor-element-ac27b89 e-con-full e-flex e-con e-child\" data-id=\"ac27b89\" data-element_type=\"container\" data-e-type=\"container\">\n\t\t\t\t<div class=\"elementor-element elementor-element-b3f2d9f elementor-widget elementor-widget-heading\" data-id=\"b3f2d9f\" data-element_type=\"widget\" data-e-type=\"widget\" data-widget_type=\"heading.default\">\n\t\t\t\t<div class=\"elementor-widget-container\">\n\t\t\t\t\t<h2 class=\"elementor-heading-title elementor-size-default\">Conditions g\u00e9n\u00e9rales de vente<\/h2>\t\t\t\t<\/div>\n\t\t\t\t<\/div>\n\t\t\t\t<div class=\"elementor-element elementor-element-a09e254 elementor-widget elementor-widget-text-editor\" data-id=\"a09e254\" data-element_type=\"widget\" data-e-type=\"widget\" data-widget_type=\"text-editor.default\">\n\t\t\t\t<div class=\"elementor-widget-container\">\n\t\t\t\t\t\t\t\t\t<p><a href=\"https:\/\/monchstein.at\/wp-content\/uploads\/2025\/08\/AGBH_061115-1.pdf\">Afficher en PDF<\/a><\/p>\t\t\t\t\t\t\t\t<\/div>\n\t\t\t\t<\/div>\n\t\t\t\t<\/div>\n\t\t<div class=\"elementor-element elementor-element-dd8ac82 e-con-full e-flex e-con e-child\" data-id=\"dd8ac82\" data-element_type=\"container\" data-e-type=\"container\">\n\t\t\t\t<div class=\"elementor-element elementor-element-4dd4b7d elementor-widget elementor-widget-heading\" data-id=\"4dd4b7d\" data-element_type=\"widget\" data-e-type=\"widget\" data-widget_type=\"heading.default\">\n\t\t\t\t<div class=\"elementor-widget-container\">\n\t\t\t\t\t<h2 class=\"elementor-heading-title elementor-size-default\">Conditions dutilisation WIFI \/ Internet<\/h2>\t\t\t\t<\/div>\n\t\t\t\t<\/div>\n\t\t\t\t<div class=\"elementor-element elementor-element-91c5880 elementor-widget elementor-widget-text-editor\" data-id=\"91c5880\" data-element_type=\"widget\" data-e-type=\"widget\" data-widget_type=\"text-editor.default\">\n\t\t\t\t<div class=\"elementor-widget-container\">\n\t\t\t\t\t\t\t\t\t<p class=\"empt\">Lexploitant est uniquement un fournisseur dacc\u00e8s. Il nexiste aucun droit l\u00e9gal \u00e0 lutilisation (ininterrompue) et\/ou \u00e0 une vitesse d\u00e9termin\u00e9e de lacc\u00e8s Internet. En raison des conditions techniques, aucune absence de perturbation ne peut \u00eatre garantie. Lexploitant noffre aucune disponibilit\u00e9 illimit\u00e9e de lacc\u00e8s Internet ou accessibilit\u00e9 des serveurs et ne garantit pas la transmission ou le transfert sans erreur du trafic de donn\u00e9es.   <\/p>\n<p class=\"empt\">La transmission des donn\u00e9es seffectue de mani\u00e8re non crypt\u00e9e. Les donn\u00e9es transmises peuvent donc \u00e9ventuellement \u00eatre consult\u00e9es ou modifi\u00e9es par des tiers. La s\u00e9curisation du trafic de donn\u00e9es ne rel\u00e8ve pas de la responsabilit\u00e9 de lexploitant.  <\/p>\n<p class=\"empt\">Lutilisateur prend express\u00e9ment acte que le LAN \/ WLAN propos\u00e9 permet uniquement lacc\u00e8s \u00e0 Internet, mais ne comprend aucune protection antivirus ni pare-feu.<\/p>\t\t\t\t\t\t\t\t<\/div>\n\t\t\t\t<\/div>\n\t\t\t\t<\/div>\n\t\t<div class=\"elementor-element elementor-element-48b2ff2 e-con-full e-flex e-con e-child\" data-id=\"48b2ff2\" data-element_type=\"container\" data-e-type=\"container\">\n\t\t\t\t<div class=\"elementor-element elementor-element-1c60758 elementor-widget elementor-widget-heading\" data-id=\"1c60758\" data-element_type=\"widget\" data-e-type=\"widget\" data-widget_type=\"heading.default\">\n\t\t\t\t<div class=\"elementor-widget-container\">\n\t\t\t\t\t<h2 class=\"elementor-heading-title elementor-size-default\">Obligations de lutilisateur<\/h2>\t\t\t\t<\/div>\n\t\t\t\t<\/div>\n\t\t\t\t<div class=\"elementor-element elementor-element-a7ea9de elementor-widget elementor-widget-text-editor\" data-id=\"a7ea9de\" data-element_type=\"widget\" data-e-type=\"widget\" data-widget_type=\"text-editor.default\">\n\t\t\t\t<div class=\"elementor-widget-container\">\n\t\t\t\t\t\t\t\t\t<p clqss=\"empt\">Lutilisateur est seul responsable des donn\u00e9es transmises via le WLAN invit\u00e9, des services payants utilis\u00e9s par ce biais et des transactions juridiques effectu\u00e9es.<\/p>\n\n<p clqss=\"empt\">Lutilisateur est tenu de respecter la l\u00e9gislation en vigueur lors de lutilisation du LAN \/ WLAN. Il lui est interdit dutiliser ou de faire utiliser de mani\u00e8re abusive la possibilit\u00e9 dacc\u00e8s au LAN \/ WLAN mis \u00e0 disposition. <\/p>\n\n\t\t\t\t\t\t\t\t<\/div>\n\t\t\t\t<\/div>\n\t\t\t\t<\/div>\n\t\t<div class=\"elementor-element elementor-element-2b1dd52 e-con-full e-flex e-con e-child\" data-id=\"2b1dd52\" data-element_type=\"container\" data-e-type=\"container\">\n\t\t\t\t<div class=\"elementor-element elementor-element-8378c41 elementor-widget elementor-widget-heading\" data-id=\"8378c41\" data-element_type=\"widget\" data-e-type=\"widget\" data-widget_type=\"heading.default\">\n\t\t\t\t<div class=\"elementor-widget-container\">\n\t\t\t\t\t<h2 class=\"elementor-heading-title elementor-size-default\">Sont notamment interdits :<\/h2>\t\t\t\t<\/div>\n\t\t\t\t<\/div>\n\t\t\t\t<div class=\"elementor-element elementor-element-dad475e elementor-widget elementor-widget-text-editor\" data-id=\"dad475e\" data-element_type=\"widget\" data-e-type=\"widget\" data-widget_type=\"text-editor.default\">\n\t\t\t\t<div class=\"elementor-widget-container\">\n\t\t\t\t\t\t\t\t\t<ul>\n \t<li>lutilisation commerciale de lacc\u00e8s LAN \/ WLAN ;<\/li>\n \t<li>la consultation ou la diffusion de contenus contraires aux bonnes m\u0153urs ou ill\u00e9gaux (notamment pornographiques, glorifiant la violence ou incitant \u00e0 la haine) ;<\/li>\n \t<li>la reproduction, la diffusion ou la mise \u00e0 disposition illicites de biens prot\u00e9g\u00e9s par le droit dauteur ;<\/li>\n \t<li>le non-respect des dispositions en vigueur en mati\u00e8re de protection des donn\u00e9es ;<\/li>\n \t<li>lenvoi ou la diffusion de contenus harcelants, diffamatoires ou mena\u00e7ants ainsi que lincitation ou lappel \u00e0 commettre des infractions ;<\/li>\n \t<li>lutilisation du service par des tiers, notamment la transmission payante de ces services \u00e0 des tiers n\u00e9cessite le consentement expr\u00e8s et \u00e9crit de lexploitant.<\/li>\n \t<li>lutilisation du LAN \/ WLAN mis \u00e0 disposition pour lenvoi de courriers en masse (spam) et\/ou dautres formes de publicit\u00e9 illicite ;<\/li>\n \t<li>la visite de sites web de partage de fichiers, notamment le lancement de t\u00e9l\u00e9chargements de musique et\/ou de films.<\/li>\n \t<li>la transmission de mots de passe et dinformations dacc\u00e8s. Lutilisateur est tenu de garder ses mots de passe secrets. Il est responsable des dommages r\u00e9sultant dun manque de confidentialit\u00e9 des mots de passe.  <\/li>\n \t<li>Lutilisateur sengage \u00e0 garantir le param\u00e9trage correct de lidentification de lappareil terminal.<\/li>\n \t<li>Lutilisateur assume la responsabilit\u00e9 que lappareil terminal quil utilise et le logiciel qui sy trouve soient exempts de virus et dautres programmes malveillants ; lutilisateur doit rembourser int\u00e9gralement \u00e0 lexploitant les dommages directs ou indirects caus\u00e9s par un manquement \u00e0 cette obligation.<\/li>\n \t<li>Toutes les perturbations survenant doivent \u00eatre signal\u00e9es imm\u00e9diatement \u00e0 lexploitant.<\/li>\n<\/ul>\t\t\t\t\t\t\t\t<\/div>\n\t\t\t\t<\/div>\n\t\t\t\t<\/div>\n\t\t<div class=\"elementor-element elementor-element-1a81e2d e-con-full e-flex e-con e-child\" data-id=\"1a81e2d\" data-element_type=\"container\" data-e-type=\"container\">\n\t\t\t\t<div class=\"elementor-element elementor-element-84c0c8d elementor-widget elementor-widget-heading\" data-id=\"84c0c8d\" data-element_type=\"widget\" data-e-type=\"widget\" data-widget_type=\"heading.default\">\n\t\t\t\t<div class=\"elementor-widget-container\">\n\t\t\t\t\t<h2 class=\"elementor-heading-title elementor-size-default\">Violations des conditions dutilisation<\/h2>\t\t\t\t<\/div>\n\t\t\t\t<\/div>\n\t\t\t\t<div class=\"elementor-element elementor-element-4a167fa elementor-widget elementor-widget-text-editor\" data-id=\"4a167fa\" data-element_type=\"widget\" data-e-type=\"widget\" data-widget_type=\"text-editor.default\">\n\t\t\t\t<div class=\"elementor-widget-container\">\n\t\t\t\t\t\t\t\t\t<p class=\"empt\">En cas de violation des conditions dutilisation ou de soup\u00e7on de violation, lutilisation du LAN \/ WLAN mis \u00e0 disposition peut \u00eatre bloqu\u00e9e \u00e0 tout moment et sans indication de motifs.<\/p>\n\n<p class=\"empt\">Si lexploitant devait \u00eatre expos\u00e9 \u00e0 des r\u00e9clamations de tiers pour quelque raison que ce soit en raison de lutilisation du LAN \/ WLAN invit\u00e9 par lutilisateur, ce dernier est tenu de d\u00e9gager lexploitant de toute responsabilit\u00e9 et de le garantir contre toute action en justice \u00e0 cet \u00e9gard.<\/p>\n\n<p class=\"empt\">Ne sont pas inclus les co\u00fbts dutilisation des installations de transmission jusquau point de pr\u00e9sence s\u00e9lectionn\u00e9, de m\u00eame que les co\u00fbts \u00e9ventuellement factur\u00e9s par des tiers pour lutilisation de services.<\/p>\t\t\t\t\t\t\t\t<\/div>\n\t\t\t\t<\/div>\n\t\t\t\t<\/div>\n\t\t<div class=\"elementor-element elementor-element-255865d e-con-full e-flex e-con e-child\" data-id=\"255865d\" data-element_type=\"container\" data-e-type=\"container\">\n\t\t\t\t<div class=\"elementor-element elementor-element-58977a6 elementor-widget elementor-widget-heading\" data-id=\"58977a6\" data-element_type=\"widget\" data-e-type=\"widget\" data-widget_type=\"heading.default\">\n\t\t\t\t<div class=\"elementor-widget-container\">\n\t\t\t\t\t<h2 class=\"elementor-heading-title elementor-size-default\">Enregistrement des donn\u00e9es<\/h2>\t\t\t\t<\/div>\n\t\t\t\t<\/div>\n\t\t\t\t<div class=\"elementor-element elementor-element-6cc4be2 elementor-widget elementor-widget-text-editor\" data-id=\"6cc4be2\" data-element_type=\"widget\" data-e-type=\"widget\" data-widget_type=\"text-editor.default\">\n\t\t\t\t<div class=\"elementor-widget-container\">\n\t\t\t\t\t\t\t\t\tLutilisateur donne son consentement expr\u00e8s \u00e0 ce que les donn\u00e9es de connexion soient enregistr\u00e9es et \u00e9ventuellement transmises afin de se conformer aux lois, dispositions, proc\u00e9dures judiciaires ou demandes des autorit\u00e9s de poursuite en vigueur.\t\t\t\t\t\t\t\t<\/div>\n\t\t\t\t<\/div>\n\t\t\t\t<\/div>\n\t\t<div class=\"elementor-element elementor-element-57c1c5c e-con-full e-flex e-con e-child\" data-id=\"57c1c5c\" data-element_type=\"container\" data-e-type=\"container\">\n\t\t\t\t<div class=\"elementor-element elementor-element-3c85782 elementor-widget elementor-widget-heading\" data-id=\"3c85782\" data-element_type=\"widget\" data-e-type=\"widget\" data-widget_type=\"heading.default\">\n\t\t\t\t<div class=\"elementor-widget-container\">\n\t\t\t\t\t<h2 class=\"elementor-heading-title elementor-size-default\">Responsabilit\u00e9<\/h2>\t\t\t\t<\/div>\n\t\t\t\t<\/div>\n\t\t\t\t<div class=\"elementor-element elementor-element-553e8c7 elementor-widget elementor-widget-text-editor\" data-id=\"553e8c7\" data-element_type=\"widget\" data-e-type=\"widget\" data-widget_type=\"text-editor.default\">\n\t\t\t\t<div class=\"elementor-widget-container\">\n\t\t\t\t\t\t\t\t\t<p class=\"empt\">Lexploitant nest responsable des dommages corporels et mat\u00e9riels imputables \u00e0 des personnes dont il r\u00e9pond que dans la mesure o\u00f9 les dispositions l\u00e9gales pr\u00e9voient imp\u00e9rativement une responsabilit\u00e9 contractuellement non excluable (par exemple pour faute intentionnelle et n\u00e9gligence grave). Pour le reste, toute responsabilit\u00e9 est exclue, notamment pour les donn\u00e9es, le mat\u00e9riel et les logiciels. <\/p>\n\n<p class=\"empt\">Lexploitant nest pas responsable du contenu des donn\u00e9es transmises, ni du contenu des donn\u00e9es accessibles par lutilisation, m\u00eame si lacc\u00e8s seffectue via un lien depuis la page daccueil ou les pages de d\u00e9marrage de lexploitant.<\/p>\t\t\t\t\t\t\t\t<\/div>\n\t\t\t\t<\/div>\n\t\t\t\t<\/div>\n\t\t<div class=\"elementor-element elementor-element-858202f e-con-full e-flex e-con e-child\" data-id=\"858202f\" data-element_type=\"container\" data-e-type=\"container\">\n\t\t\t\t<div class=\"elementor-element elementor-element-232918c elementor-widget elementor-widget-heading\" data-id=\"232918c\" data-element_type=\"widget\" data-e-type=\"widget\" data-widget_type=\"heading.default\">\n\t\t\t\t<div class=\"elementor-widget-container\">\n\t\t\t\t\t<h2 class=\"elementor-heading-title elementor-size-default\">Disposition finale<\/h2>\t\t\t\t<\/div>\n\t\t\t\t<\/div>\n\t\t\t\t<div class=\"elementor-element elementor-element-a145d00 elementor-widget elementor-widget-text-editor\" data-id=\"a145d00\" data-element_type=\"widget\" data-e-type=\"widget\" data-widget_type=\"text-editor.default\">\n\t\t\t\t<div class=\"elementor-widget-container\">\n\t\t\t\t\t\t\t\t\tPour tous les litiges en rapport avec les pr\u00e9sentes conditions dutilisation d\u00e9coulant de lutilisation du LAN \/ WLAN invit\u00e9, le tribunal mat\u00e9riellement comp\u00e9tent de lexploitant est convenu comme for exclusif.\t\t\t\t\t\t\t\t<\/div>\n\t\t\t\t<\/div>\n\t\t\t\t<\/div>\n\t\t\t\t\t<\/div>\n\t\t\t\t<\/div>\n\t\t\t\t<\/div>\n\t\t","protected":false},"excerpt":{"rendered":"<p>CGV Conditions g\u00e9n\u00e9rales de vente Afficher en PDF Conditions dutilisation WIFI \/ Internet Lexploitant est uniquement un fournisseur dacc\u00e8s. Il [&hellip;]<\/p>\n","protected":false},"author":1,"featured_media":0,"parent":0,"menu_order":0,"comment_status":"closed","ping_status":"closed","template":"elementor_header_footer","meta":{"_acf_changed":false,"inline_featured_image":false,"site-sidebar-layout":"no-sidebar","site-content-layout":"","ast-site-content-layout":"full-width-container","site-content-style":"default","site-sidebar-style":"default","ast-global-header-display":"","ast-banner-title-visibility":"","ast-main-header-display":"","ast-hfb-above-header-display":"","ast-hfb-below-header-display":"","ast-hfb-mobile-header-display":"","site-post-title":"disabled","ast-breadcrumbs-content":"","ast-featured-img":"disabled","footer-sml-layout":"","theme-transparent-header-meta":"","adv-header-id-meta":"","stick-header-meta":"","header-above-stick-meta":"","header-main-stick-meta":"","header-below-stick-meta":"","astra-migrate-meta-layouts":"default","ast-page-background-enabled":"default","ast-page-background-meta":{"desktop":{"background-color":"var(--ast-global-color-5)","background-image":"","background-repeat":"repeat","background-position":"center center","background-size":"auto","background-attachment":"scroll","background-type":"","background-media":"","overlay-type":"","overlay-color":"","overlay-opacity":"","overlay-gradient":""},"tablet":{"background-color":"","background-image":"","background-repeat":"repeat","background-position":"center center","background-size":"auto","background-attachment":"scroll","background-type":"","background-media":"","overlay-type":"","overlay-color":"","overlay-opacity":"","overlay-gradient":""},"mobile":{"background-color":"","background-image":"","background-repeat":"repeat","background-position":"center center","background-size":"auto","background-attachment":"scroll","background-type":"","background-media":"","overlay-type":"","overlay-color":"","overlay-opacity":"","overlay-gradient":""}},"ast-content-background-meta":{"desktop":{"background-color":"var(--ast-global-color-4)","background-image":"","background-repeat":"repeat","background-position":"center center","background-size":"auto","background-attachment":"scroll","background-type":"","background-media":"","overlay-type":"","overlay-color":"","overlay-opacity":"","overlay-gradient":""},"tablet":{"background-color":"var(--ast-global-color-4)","background-image":"","background-repeat":"repeat","background-position":"center center","background-size":"auto","background-attachment":"scroll","background-type":"","background-media":"","overlay-type":"","overlay-color":"","overlay-opacity":"","overlay-gradient":""},"mobile":{"background-color":"var(--ast-global-color-4)","background-image":"","background-repeat":"repeat","background-position":"center center","background-size":"auto","background-attachment":"scroll","background-type":"","background-media":"","overlay-type":"","overlay-color":"","overlay-opacity":"","overlay-gradient":""}},"footnotes":""},"class_list":["post-81015","page","type-page","status-publish","hentry"],"acf":[],"yoast_head":"<!-- This site is optimized with the Yoast SEO plugin v27.2 - https:\/\/yoast.com\/product\/yoast-seo-wordpress\/ -->\n<title>CGV - Hotel Schloss M\u00f6nchstein*****s<\/title>\n<meta name=\"robots\" content=\"noindex, nofollow\" \/>\n<meta property=\"og:locale\" content=\"fr_FR\" \/>\n<meta property=\"og:type\" content=\"article\" \/>\n<meta property=\"og:title\" content=\"CGV - Hotel Schloss M\u00f6nchstein*****s\" \/>\n<meta property=\"og:description\" content=\"CGV Conditions g\u00e9n\u00e9rales de vente Afficher en PDF Conditions dutilisation WIFI \/ Internet Lexploitant est uniquement un fournisseur dacc\u00e8s. Il [&hellip;]\" \/>\n<meta property=\"og:url\" content=\"https:\/\/monchstein.at\/fr\/cgv\/\" \/>\n<meta property=\"og:site_name\" content=\"Hotel Schloss M\u00f6nchstein*****s\" \/>\n<meta property=\"article:modified_time\" content=\"2026-03-14T12:32:28+00:00\" \/>\n<meta name=\"twitter:card\" content=\"summary_large_image\" \/>\n<meta name=\"twitter:label1\" content=\"Dur\u00e9e de lecture estim\u00e9e\" \/>\n\t<meta name=\"twitter:data1\" content=\"4 minutes\" \/>\n<script type=\"application\/ld+json\" class=\"yoast-schema-graph\">{\"@context\":\"https:\/\/schema.org\",\"@graph\":[{\"@type\":\"WebPage\",\"@id\":\"https:\/\/monchstein.at\/fr\/cgv\/\",\"url\":\"https:\/\/monchstein.at\/fr\/cgv\/\",\"name\":\"CGV - Hotel Schloss M\u00f6nchstein*****s\",\"isPartOf\":{\"@id\":\"https:\/\/monchstein.at\/fr\/#website\"},\"datePublished\":\"2025-06-26T12:31:58+00:00\",\"dateModified\":\"2026-03-14T12:32:28+00:00\",\"breadcrumb\":{\"@id\":\"https:\/\/monchstein.at\/fr\/cgv\/#breadcrumb\"},\"inLanguage\":\"fr-FR\",\"potentialAction\":[{\"@type\":\"ReadAction\",\"target\":[\"https:\/\/monchstein.at\/fr\/cgv\/\"]}]},{\"@type\":\"BreadcrumbList\",\"@id\":\"https:\/\/monchstein.at\/fr\/cgv\/#breadcrumb\",\"itemListElement\":[{\"@type\":\"ListItem\",\"position\":1,\"name\":\"Accueil\",\"item\":\"https:\/\/monchstein.at\/fr\/\"},{\"@type\":\"ListItem\",\"position\":2,\"name\":\"CGV\"}]},{\"@type\":\"WebSite\",\"@id\":\"https:\/\/monchstein.at\/fr\/#website\",\"url\":\"https:\/\/monchstein.at\/fr\/\",\"name\":\"Hotel Schloss M\u00f6nchstein*****s\",\"description\":\"Luxushotel Salzburg\",\"publisher\":{\"@id\":\"https:\/\/monchstein.at\/fr\/#organization\"},\"potentialAction\":[{\"@type\":\"SearchAction\",\"target\":{\"@type\":\"EntryPoint\",\"urlTemplate\":\"https:\/\/monchstein.at\/fr\/?s={search_term_string}\"},\"query-input\":{\"@type\":\"PropertyValueSpecification\",\"valueRequired\":true,\"valueName\":\"search_term_string\"}}],\"inLanguage\":\"fr-FR\"},{\"@type\":\"Organization\",\"@id\":\"https:\/\/monchstein.at\/fr\/#organization\",\"name\":\"Hotel Schloss M\u00f6nchstein*****s\",\"url\":\"https:\/\/monchstein.at\/fr\/\",\"logo\":{\"@type\":\"ImageObject\",\"inLanguage\":\"fr-FR\",\"@id\":\"https:\/\/monchstein.at\/fr\/#\/schema\/logo\/image\/\",\"url\":\"https:\/\/monchstein.at\/wp-content\/uploads\/2025\/06\/Hotel-Schloss-Monchstein-Logo.svg\",\"contentUrl\":\"https:\/\/monchstein.at\/wp-content\/uploads\/2025\/06\/Hotel-Schloss-Monchstein-Logo.svg\",\"width\":595.28,\"height\":273.01,\"caption\":\"Hotel Schloss M\u00f6nchstein*****s\"},\"image\":{\"@id\":\"https:\/\/monchstein.at\/fr\/#\/schema\/logo\/image\/\"}}]}<\/script>\n<!-- \/ Yoast SEO plugin. -->","yoast_head_json":{"title":"CGV - Hotel Schloss M\u00f6nchstein*****s","robots":{"index":"noindex","follow":"nofollow"},"og_locale":"fr_FR","og_type":"article","og_title":"CGV - Hotel Schloss M\u00f6nchstein*****s","og_description":"CGV Conditions g\u00e9n\u00e9rales de vente Afficher en PDF Conditions dutilisation WIFI \/ Internet Lexploitant est uniquement un fournisseur dacc\u00e8s. Il [&hellip;]","og_url":"https:\/\/monchstein.at\/fr\/cgv\/","og_site_name":"Hotel Schloss M\u00f6nchstein*****s","article_modified_time":"2026-03-14T12:32:28+00:00","twitter_card":"summary_large_image","twitter_misc":{"Dur\u00e9e de lecture estim\u00e9e":"4 minutes"},"schema":{"@context":"https:\/\/schema.org","@graph":[{"@type":"WebPage","@id":"https:\/\/monchstein.at\/fr\/cgv\/","url":"https:\/\/monchstein.at\/fr\/cgv\/","name":"CGV - Hotel Schloss M\u00f6nchstein*****s","isPartOf":{"@id":"https:\/\/monchstein.at\/fr\/#website"},"datePublished":"2025-06-26T12:31:58+00:00","dateModified":"2026-03-14T12:32:28+00:00","breadcrumb":{"@id":"https:\/\/monchstein.at\/fr\/cgv\/#breadcrumb"},"inLanguage":"fr-FR","potentialAction":[{"@type":"ReadAction","target":["https:\/\/monchstein.at\/fr\/cgv\/"]}]},{"@type":"BreadcrumbList","@id":"https:\/\/monchstein.at\/fr\/cgv\/#breadcrumb","itemListElement":[{"@type":"ListItem","position":1,"name":"Accueil","item":"https:\/\/monchstein.at\/fr\/"},{"@type":"ListItem","position":2,"name":"CGV"}]},{"@type":"WebSite","@id":"https:\/\/monchstein.at\/fr\/#website","url":"https:\/\/monchstein.at\/fr\/","name":"Hotel Schloss M\u00f6nchstein*****s","description":"Luxushotel Salzburg","publisher":{"@id":"https:\/\/monchstein.at\/fr\/#organization"},"potentialAction":[{"@type":"SearchAction","target":{"@type":"EntryPoint","urlTemplate":"https:\/\/monchstein.at\/fr\/?s={search_term_string}"},"query-input":{"@type":"PropertyValueSpecification","valueRequired":true,"valueName":"search_term_string"}}],"inLanguage":"fr-FR"},{"@type":"Organization","@id":"https:\/\/monchstein.at\/fr\/#organization","name":"Hotel Schloss M\u00f6nchstein*****s","url":"https:\/\/monchstein.at\/fr\/","logo":{"@type":"ImageObject","inLanguage":"fr-FR","@id":"https:\/\/monchstein.at\/fr\/#\/schema\/logo\/image\/","url":"https:\/\/monchstein.at\/wp-content\/uploads\/2025\/06\/Hotel-Schloss-Monchstein-Logo.svg","contentUrl":"https:\/\/monchstein.at\/wp-content\/uploads\/2025\/06\/Hotel-Schloss-Monchstein-Logo.svg","width":595.28,"height":273.01,"caption":"Hotel Schloss M\u00f6nchstein*****s"},"image":{"@id":"https:\/\/monchstein.at\/fr\/#\/schema\/logo\/image\/"}}]}},"_links":{"self":[{"href":"https:\/\/monchstein.at\/fr\/wp-json\/wp\/v2\/pages\/81015","targetHints":{"allow":["GET"]}}],"collection":[{"href":"https:\/\/monchstein.at\/fr\/wp-json\/wp\/v2\/pages"}],"about":[{"href":"https:\/\/monchstein.at\/fr\/wp-json\/wp\/v2\/types\/page"}],"author":[{"embeddable":true,"href":"https:\/\/monchstein.at\/fr\/wp-json\/wp\/v2\/users\/1"}],"replies":[{"embeddable":true,"href":"https:\/\/monchstein.at\/fr\/wp-json\/wp\/v2\/comments?post=81015"}],"version-history":[{"count":1,"href":"https:\/\/monchstein.at\/fr\/wp-json\/wp\/v2\/pages\/81015\/revisions"}],"predecessor-version":[{"id":81016,"href":"https:\/\/monchstein.at\/fr\/wp-json\/wp\/v2\/pages\/81015\/revisions\/81016"}],"wp:attachment":[{"href":"https:\/\/monchstein.at\/fr\/wp-json\/wp\/v2\/media?parent=81015"}],"curies":[{"name":"wp","href":"https:\/\/api.w.org\/{rel}","templated":true}]}}