{"id":81019,"date":"2025-06-26T14:21:15","date_gmt":"2025-06-26T12:21:15","guid":{"rendered":"https:\/\/monchstein.at\/mentions-legales\/"},"modified":"2026-03-14T13:32:28","modified_gmt":"2026-03-14T12:32:28","slug":"mentions-legales","status":"publish","type":"page","link":"https:\/\/monchstein.at\/fr\/mentions-legales\/","title":{"rendered":"Mentions l\u00e9gales"},"content":{"rendered":"\t\t<div data-elementor-type=\"wp-page\" data-elementor-id=\"81019\" class=\"elementor elementor-81019 elementor-2060\" data-elementor-post-type=\"page\">\n\t\t\t\t<div class=\"elementor-element elementor-element-82f46bb e-flex e-con-boxed e-con e-parent\" data-id=\"82f46bb\" data-element_type=\"container\" data-e-type=\"container\" data-settings=\"{&quot;background_background&quot;:&quot;classic&quot;}\">\n\t\t\t\t\t<div class=\"e-con-inner\">\n\t\t\t\t<div class=\"elementor-element elementor-element-6fcfdbf elementor-widget-mobile__width-inherit elementor-widget elementor-widget-heading\" data-id=\"6fcfdbf\" data-element_type=\"widget\" data-e-type=\"widget\" data-widget_type=\"heading.default\">\n\t\t\t\t<div class=\"elementor-widget-container\">\n\t\t\t\t\t<h1 class=\"elementor-heading-title elementor-size-default\">Mentions l\u00e9gales<\/h1>\t\t\t\t<\/div>\n\t\t\t\t<\/div>\n\t\t\t\t\t<\/div>\n\t\t\t\t<\/div>\n\t\t<div class=\"elementor-element elementor-element-91eedd4 e-flex e-con-boxed e-con e-parent\" data-id=\"91eedd4\" data-element_type=\"container\" data-e-type=\"container\">\n\t\t\t\t\t<div class=\"e-con-inner\">\n\t\t<div class=\"elementor-element elementor-element-329ff16 e-con-full e-flex e-con e-child\" data-id=\"329ff16\" data-element_type=\"container\" data-e-type=\"container\">\n\t\t\t\t<div class=\"elementor-element elementor-element-c03ed33 elementor-widget elementor-widget-heading\" data-id=\"c03ed33\" data-element_type=\"widget\" data-e-type=\"widget\" data-widget_type=\"heading.default\">\n\t\t\t\t<div class=\"elementor-widget-container\">\n\t\t\t\t\t<h2 class=\"elementor-heading-title elementor-size-default\">Raison sociale<\/h2>\t\t\t\t<\/div>\n\t\t\t\t<\/div>\n\t\t\t\t<div class=\"elementor-element elementor-element-6aa6178 elementor-widget elementor-widget-text-editor\" data-id=\"6aa6178\" data-element_type=\"widget\" data-e-type=\"widget\" data-widget_type=\"text-editor.default\">\n\t\t\t\t<div class=\"elementor-widget-container\">\n\t\t\t\t\t\t\t\t\t<p>Hotel Schloss M\u00f6nchstein superior Docis GmbH. &amp; Co. KG <\/p><p>Num\u00e9ro d&rsquo;immatriculation au registre du commerce : FN 146434<br>Num\u00e9ro de TVA : ATU40954008<\/p>\t\t\t\t\t\t\t\t<\/div>\n\t\t\t\t<\/div>\n\t\t\t\t<\/div>\n\t\t<div class=\"elementor-element elementor-element-97993e9 e-con-full e-flex e-con e-child\" data-id=\"97993e9\" data-element_type=\"container\" data-e-type=\"container\">\n\t\t\t\t<div class=\"elementor-element elementor-element-2472ce8 elementor-widget elementor-widget-heading\" data-id=\"2472ce8\" data-element_type=\"widget\" data-e-type=\"widget\" data-widget_type=\"heading.default\">\n\t\t\t\t<div class=\"elementor-widget-container\">\n\t\t\t\t\t<h2 class=\"elementor-heading-title elementor-size-default\">Adresse<\/h2>\t\t\t\t<\/div>\n\t\t\t\t<\/div>\n\t\t\t\t<div class=\"elementor-element elementor-element-8b3d6a7 elementor-widget elementor-widget-text-editor\" data-id=\"8b3d6a7\" data-element_type=\"widget\" data-e-type=\"widget\" data-widget_type=\"text-editor.default\">\n\t\t\t\t<div class=\"elementor-widget-container\">\n\t\t\t\t\t\t\t\t\t<p>M\u00f6nchsberg Park 26<br>5020 Salzbourg<br>Autriche<\/p><p>T\u00e9l. : +43 (0)662 \/ 84 85 55-0<br>Fax : +43 (0)662 \/ 84 85 59<\/p><p>E-mail : salzburg@monchstein.at<br>Internet : www.monchstein.at<\/p>\t\t\t\t\t\t\t\t<\/div>\n\t\t\t\t<\/div>\n\t\t\t\t<\/div>\n\t\t<div class=\"elementor-element elementor-element-5f0af40 e-con-full e-flex e-con e-child\" data-id=\"5f0af40\" data-element_type=\"container\" data-e-type=\"container\">\n\t\t\t\t<div class=\"elementor-element elementor-element-fbe291e elementor-widget elementor-widget-heading\" data-id=\"fbe291e\" data-element_type=\"widget\" data-e-type=\"widget\" data-widget_type=\"heading.default\">\n\t\t\t\t<div class=\"elementor-widget-container\">\n\t\t\t\t\t<h2 class=\"elementor-heading-title elementor-size-default\">Protection du droit d'auteur (Copyright)<\/h2>\t\t\t\t<\/div>\n\t\t\t\t<\/div>\n\t\t\t\t<div class=\"elementor-element elementor-element-3673af2 elementor-widget elementor-widget-text-editor\" data-id=\"3673af2\" data-element_type=\"widget\" data-e-type=\"widget\" data-widget_type=\"text-editor.default\">\n\t\t\t\t<div class=\"elementor-widget-container\">\n\t\t\t\t\t\t\t\t\tLe contenu et la structure de ce site web sont prot\u00e9g\u00e9s par le droit d&rsquo;auteur. L&rsquo;utilisation ou la reproduction d&rsquo;informations, de textes, de parties de textes ou d&rsquo;images n\u00e9cessite, sauf indication contraire expresse, l&rsquo;accord pr\u00e9alable de l&rsquo;Hotel Schloss M\u00f6nchstein. \u00a9 Copyright Hotel Schloss M\u00f6nchstein*****s \u2013 tous droits r\u00e9serv\u00e9s.  \t\t\t\t\t\t\t\t<\/div>\n\t\t\t\t<\/div>\n\t\t\t\t<\/div>\n\t\t<div class=\"elementor-element elementor-element-acfb729 e-con-full e-flex e-con e-child\" data-id=\"acfb729\" data-element_type=\"container\" data-e-type=\"container\">\n\t\t\t\t<div class=\"elementor-element elementor-element-f47bfcc elementor-widget elementor-widget-heading\" data-id=\"f47bfcc\" data-element_type=\"widget\" data-e-type=\"widget\" data-widget_type=\"heading.default\">\n\t\t\t\t<div class=\"elementor-widget-container\">\n\t\t\t\t\t<h2 class=\"elementor-heading-title elementor-size-default\">Conception et d\u00e9veloppement<\/h2>\t\t\t\t<\/div>\n\t\t\t\t<\/div>\n\t\t\t\t<div class=\"elementor-element elementor-element-6dd1826 elementor-widget elementor-widget-text-editor\" data-id=\"6dd1826\" data-element_type=\"widget\" data-e-type=\"widget\" data-widget_type=\"text-editor.default\">\n\t\t\t\t<div class=\"elementor-widget-container\">\n\t\t\t\t\t\t\t\t\tBeyond Digitalagentur GmbH<br class=\"em\">Lieferinger Hauptstrasse 156<br class=\"em\">5020 Salzbourg<br class=\"em\">hello@beyonddigital.at<br class=\"em\"><a href=\"www.beyonddigital.at\">www.beyonddigital.at<\/a>\t\t\t\t\t\t\t\t<\/div>\n\t\t\t\t<\/div>\n\t\t\t\t<\/div>\n\t\t<div class=\"elementor-element elementor-element-628b645 e-con-full e-flex e-con e-child\" data-id=\"628b645\" data-element_type=\"container\" data-e-type=\"container\">\n\t\t\t\t<div class=\"elementor-element elementor-element-9eff6e5 elementor-widget elementor-widget-heading\" data-id=\"9eff6e5\" data-element_type=\"widget\" data-e-type=\"widget\" data-widget_type=\"heading.default\">\n\t\t\t\t<div class=\"elementor-widget-container\">\n\t\t\t\t\t<h2 class=\"elementor-heading-title elementor-size-default\">Droits d'image<\/h2>\t\t\t\t<\/div>\n\t\t\t\t<\/div>\n\t\t\t\t<div class=\"elementor-element elementor-element-ac41cca elementor-widget elementor-widget-text-editor\" data-id=\"ac41cca\" data-element_type=\"widget\" data-e-type=\"widget\" data-widget_type=\"text-editor.default\">\n\t\t\t\t<div class=\"elementor-widget-container\">\n\t\t\t\t\t\t\t\t\t<p>Diverses images sur ce site web sont soumises au copyright \u00a9 de l&rsquo;Hotel Schloss M\u00f6nchstein, Beyond Digitalagentur GmbH, We Will Weddings (photos de mariage), Tony Gigov, Salzburger Festspiele, ainsi que de la ville de Salzbourg<\/p>\t\t\t\t\t\t\t\t<\/div>\n\t\t\t\t<\/div>\n\t\t\t\t<\/div>\n\t\t\t\t\t<\/div>\n\t\t\t\t<\/div>\n\t\t\t\t<\/div>\n\t\t","protected":false},"excerpt":{"rendered":"<p>Mentions l\u00e9gales Raison sociale Hotel Schloss M\u00f6nchstein superior Docis GmbH. &amp; Co. KG Num\u00e9ro d&rsquo;immatriculation au registre du commerce : [&hellip;]<\/p>\n","protected":false},"author":1,"featured_media":0,"parent":0,"menu_order":0,"comment_status":"closed","ping_status":"closed","template":"elementor_header_footer","meta":{"_acf_changed":false,"inline_featured_image":false,"site-sidebar-layout":"no-sidebar","site-content-layout":"","ast-site-content-layout":"full-width-container","site-content-style":"default","site-sidebar-style":"default","ast-global-header-display":"","ast-banner-title-visibility":"","ast-main-header-display":"","ast-hfb-above-header-display":"","ast-hfb-below-header-display":"","ast-hfb-mobile-header-display":"","site-post-title":"disabled","ast-breadcrumbs-content":"","ast-featured-img":"disabled","footer-sml-layout":"","theme-transparent-header-meta":"","adv-header-id-meta":"","stick-header-meta":"","header-above-stick-meta":"","header-main-stick-meta":"","header-below-stick-meta":"","astra-migrate-meta-layouts":"default","ast-page-background-enabled":"default","ast-page-background-meta":{"desktop":{"background-color":"var(--ast-global-color-5)","background-image":"","background-repeat":"repeat","background-position":"center center","background-size":"auto","background-attachment":"scroll","background-type":"","background-media":"","overlay-type":"","overlay-color":"","overlay-opacity":"","overlay-gradient":""},"tablet":{"background-color":"","background-image":"","background-repeat":"repeat","background-position":"center center","background-size":"auto","background-attachment":"scroll","background-type":"","background-media":"","overlay-type":"","overlay-color":"","overlay-opacity":"","overlay-gradient":""},"mobile":{"background-color":"","background-image":"","background-repeat":"repeat","background-position":"center center","background-size":"auto","background-attachment":"scroll","background-type":"","background-media":"","overlay-type":"","overlay-color":"","overlay-opacity":"","overlay-gradient":""}},"ast-content-background-meta":{"desktop":{"background-color":"var(--ast-global-color-4)","background-image":"","background-repeat":"repeat","background-position":"center center","background-size":"auto","background-attachment":"scroll","background-type":"","background-media":"","overlay-type":"","overlay-color":"","overlay-opacity":"","overlay-gradient":""},"tablet":{"background-color":"var(--ast-global-color-4)","background-image":"","background-repeat":"repeat","background-position":"center center","background-size":"auto","background-attachment":"scroll","background-type":"","background-media":"","overlay-type":"","overlay-color":"","overlay-opacity":"","overlay-gradient":""},"mobile":{"background-color":"var(--ast-global-color-4)","background-image":"","background-repeat":"repeat","background-position":"center center","background-size":"auto","background-attachment":"scroll","background-type":"","background-media":"","overlay-type":"","overlay-color":"","overlay-opacity":"","overlay-gradient":""}},"footnotes":""},"class_list":["post-81019","page","type-page","status-publish","hentry"],"acf":[],"yoast_head":"<!-- This site is optimized with the Yoast SEO plugin v27.2 - https:\/\/yoast.com\/product\/yoast-seo-wordpress\/ -->\n<title>Mentions l\u00e9gales - Hotel Schloss M\u00f6nchstein*****s<\/title>\n<meta name=\"robots\" content=\"noindex, nofollow\" \/>\n<meta property=\"og:locale\" content=\"fr_FR\" \/>\n<meta property=\"og:type\" content=\"article\" \/>\n<meta property=\"og:title\" content=\"Mentions l\u00e9gales - Hotel Schloss M\u00f6nchstein*****s\" \/>\n<meta property=\"og:description\" content=\"Mentions l\u00e9gales Raison sociale Hotel Schloss M\u00f6nchstein superior Docis GmbH. &amp; Co. KG Num\u00e9ro d&rsquo;immatriculation au registre du commerce : [&hellip;]\" \/>\n<meta property=\"og:url\" content=\"https:\/\/monchstein.at\/fr\/mentions-legales\/\" \/>\n<meta property=\"og:site_name\" content=\"Hotel Schloss M\u00f6nchstein*****s\" \/>\n<meta property=\"article:modified_time\" content=\"2026-03-14T12:32:28+00:00\" \/>\n<meta name=\"twitter:card\" content=\"summary_large_image\" \/>\n<meta name=\"twitter:label1\" content=\"Dur\u00e9e de lecture estim\u00e9e\" \/>\n\t<meta name=\"twitter:data1\" content=\"1 minute\" \/>\n<script type=\"application\/ld+json\" class=\"yoast-schema-graph\">{\"@context\":\"https:\/\/schema.org\",\"@graph\":[{\"@type\":\"WebPage\",\"@id\":\"https:\/\/monchstein.at\/fr\/mentions-legales\/\",\"url\":\"https:\/\/monchstein.at\/fr\/mentions-legales\/\",\"name\":\"Mentions l\u00e9gales - Hotel Schloss M\u00f6nchstein*****s\",\"isPartOf\":{\"@id\":\"https:\/\/monchstein.at\/fr\/#website\"},\"datePublished\":\"2025-06-26T12:21:15+00:00\",\"dateModified\":\"2026-03-14T12:32:28+00:00\",\"breadcrumb\":{\"@id\":\"https:\/\/monchstein.at\/fr\/mentions-legales\/#breadcrumb\"},\"inLanguage\":\"fr-FR\",\"potentialAction\":[{\"@type\":\"ReadAction\",\"target\":[\"https:\/\/monchstein.at\/fr\/mentions-legales\/\"]}]},{\"@type\":\"BreadcrumbList\",\"@id\":\"https:\/\/monchstein.at\/fr\/mentions-legales\/#breadcrumb\",\"itemListElement\":[{\"@type\":\"ListItem\",\"position\":1,\"name\":\"Accueil\",\"item\":\"https:\/\/monchstein.at\/fr\/\"},{\"@type\":\"ListItem\",\"position\":2,\"name\":\"Mentions l\u00e9gales\"}]},{\"@type\":\"WebSite\",\"@id\":\"https:\/\/monchstein.at\/fr\/#website\",\"url\":\"https:\/\/monchstein.at\/fr\/\",\"name\":\"Hotel Schloss M\u00f6nchstein*****s\",\"description\":\"Luxushotel Salzburg\",\"publisher\":{\"@id\":\"https:\/\/monchstein.at\/fr\/#organization\"},\"potentialAction\":[{\"@type\":\"SearchAction\",\"target\":{\"@type\":\"EntryPoint\",\"urlTemplate\":\"https:\/\/monchstein.at\/fr\/?s={search_term_string}\"},\"query-input\":{\"@type\":\"PropertyValueSpecification\",\"valueRequired\":true,\"valueName\":\"search_term_string\"}}],\"inLanguage\":\"fr-FR\"},{\"@type\":\"Organization\",\"@id\":\"https:\/\/monchstein.at\/fr\/#organization\",\"name\":\"Hotel Schloss M\u00f6nchstein*****s\",\"url\":\"https:\/\/monchstein.at\/fr\/\",\"logo\":{\"@type\":\"ImageObject\",\"inLanguage\":\"fr-FR\",\"@id\":\"https:\/\/monchstein.at\/fr\/#\/schema\/logo\/image\/\",\"url\":\"https:\/\/monchstein.at\/wp-content\/uploads\/2025\/06\/Hotel-Schloss-Monchstein-Logo.svg\",\"contentUrl\":\"https:\/\/monchstein.at\/wp-content\/uploads\/2025\/06\/Hotel-Schloss-Monchstein-Logo.svg\",\"width\":595.28,\"height\":273.01,\"caption\":\"Hotel Schloss M\u00f6nchstein*****s\"},\"image\":{\"@id\":\"https:\/\/monchstein.at\/fr\/#\/schema\/logo\/image\/\"}}]}<\/script>\n<!-- \/ Yoast SEO plugin. -->","yoast_head_json":{"title":"Mentions l\u00e9gales - Hotel Schloss M\u00f6nchstein*****s","robots":{"index":"noindex","follow":"nofollow"},"og_locale":"fr_FR","og_type":"article","og_title":"Mentions l\u00e9gales - Hotel Schloss M\u00f6nchstein*****s","og_description":"Mentions l\u00e9gales Raison sociale Hotel Schloss M\u00f6nchstein superior Docis GmbH. &amp; Co. KG Num\u00e9ro d&rsquo;immatriculation au registre du commerce : [&hellip;]","og_url":"https:\/\/monchstein.at\/fr\/mentions-legales\/","og_site_name":"Hotel Schloss M\u00f6nchstein*****s","article_modified_time":"2026-03-14T12:32:28+00:00","twitter_card":"summary_large_image","twitter_misc":{"Dur\u00e9e de lecture estim\u00e9e":"1 minute"},"schema":{"@context":"https:\/\/schema.org","@graph":[{"@type":"WebPage","@id":"https:\/\/monchstein.at\/fr\/mentions-legales\/","url":"https:\/\/monchstein.at\/fr\/mentions-legales\/","name":"Mentions l\u00e9gales - Hotel Schloss M\u00f6nchstein*****s","isPartOf":{"@id":"https:\/\/monchstein.at\/fr\/#website"},"datePublished":"2025-06-26T12:21:15+00:00","dateModified":"2026-03-14T12:32:28+00:00","breadcrumb":{"@id":"https:\/\/monchstein.at\/fr\/mentions-legales\/#breadcrumb"},"inLanguage":"fr-FR","potentialAction":[{"@type":"ReadAction","target":["https:\/\/monchstein.at\/fr\/mentions-legales\/"]}]},{"@type":"BreadcrumbList","@id":"https:\/\/monchstein.at\/fr\/mentions-legales\/#breadcrumb","itemListElement":[{"@type":"ListItem","position":1,"name":"Accueil","item":"https:\/\/monchstein.at\/fr\/"},{"@type":"ListItem","position":2,"name":"Mentions l\u00e9gales"}]},{"@type":"WebSite","@id":"https:\/\/monchstein.at\/fr\/#website","url":"https:\/\/monchstein.at\/fr\/","name":"Hotel Schloss M\u00f6nchstein*****s","description":"Luxushotel Salzburg","publisher":{"@id":"https:\/\/monchstein.at\/fr\/#organization"},"potentialAction":[{"@type":"SearchAction","target":{"@type":"EntryPoint","urlTemplate":"https:\/\/monchstein.at\/fr\/?s={search_term_string}"},"query-input":{"@type":"PropertyValueSpecification","valueRequired":true,"valueName":"search_term_string"}}],"inLanguage":"fr-FR"},{"@type":"Organization","@id":"https:\/\/monchstein.at\/fr\/#organization","name":"Hotel Schloss M\u00f6nchstein*****s","url":"https:\/\/monchstein.at\/fr\/","logo":{"@type":"ImageObject","inLanguage":"fr-FR","@id":"https:\/\/monchstein.at\/fr\/#\/schema\/logo\/image\/","url":"https:\/\/monchstein.at\/wp-content\/uploads\/2025\/06\/Hotel-Schloss-Monchstein-Logo.svg","contentUrl":"https:\/\/monchstein.at\/wp-content\/uploads\/2025\/06\/Hotel-Schloss-Monchstein-Logo.svg","width":595.28,"height":273.01,"caption":"Hotel Schloss M\u00f6nchstein*****s"},"image":{"@id":"https:\/\/monchstein.at\/fr\/#\/schema\/logo\/image\/"}}]}},"_links":{"self":[{"href":"https:\/\/monchstein.at\/fr\/wp-json\/wp\/v2\/pages\/81019","targetHints":{"allow":["GET"]}}],"collection":[{"href":"https:\/\/monchstein.at\/fr\/wp-json\/wp\/v2\/pages"}],"about":[{"href":"https:\/\/monchstein.at\/fr\/wp-json\/wp\/v2\/types\/page"}],"author":[{"embeddable":true,"href":"https:\/\/monchstein.at\/fr\/wp-json\/wp\/v2\/users\/1"}],"replies":[{"embeddable":true,"href":"https:\/\/monchstein.at\/fr\/wp-json\/wp\/v2\/comments?post=81019"}],"version-history":[{"count":1,"href":"https:\/\/monchstein.at\/fr\/wp-json\/wp\/v2\/pages\/81019\/revisions"}],"predecessor-version":[{"id":81020,"href":"https:\/\/monchstein.at\/fr\/wp-json\/wp\/v2\/pages\/81019\/revisions\/81020"}],"wp:attachment":[{"href":"https:\/\/monchstein.at\/fr\/wp-json\/wp\/v2\/media?parent=81019"}],"curies":[{"name":"wp","href":"https:\/\/api.w.org\/{rel}","templated":true}]}}