{"id":81034,"date":"2025-06-26T11:16:55","date_gmt":"2025-06-26T09:16:55","guid":{"rendered":"https:\/\/monchstein.at\/candidature-express\/"},"modified":"2026-03-14T13:33:03","modified_gmt":"2026-03-14T12:33:03","slug":"candidature-express","status":"publish","type":"page","link":"https:\/\/monchstein.at\/fr\/candidature-express\/","title":{"rendered":"Candidature express"},"content":{"rendered":"\t\t<div data-elementor-type=\"wp-page\" data-elementor-id=\"81034\" class=\"elementor elementor-81034 elementor-1964\" data-elementor-post-type=\"page\">\n\t\t\t\t<div class=\"elementor-element elementor-element-328f1d9 e-flex e-con-boxed e-con e-parent\" data-id=\"328f1d9\" data-element_type=\"container\" data-e-type=\"container\" data-settings=\"{&quot;background_background&quot;:&quot;classic&quot;}\">\n\t\t\t\t\t<div class=\"e-con-inner\">\n\t\t\t\t<div class=\"elementor-element elementor-element-c5db1d2 elementor-widget-mobile__width-inherit elementor-widget elementor-widget-heading\" data-id=\"c5db1d2\" data-element_type=\"widget\" data-e-type=\"widget\" data-widget_type=\"heading.default\">\n\t\t\t\t<div class=\"elementor-widget-container\">\n\t\t\t\t\t<h1 class=\"elementor-heading-title elementor-size-default\">Candidature express<\/h1>\t\t\t\t<\/div>\n\t\t\t\t<\/div>\n\t\t\t\t\t<\/div>\n\t\t\t\t<\/div>\n\t\t<div class=\"elementor-element elementor-element-604c3b0 e-flex e-con-boxed e-con e-parent\" data-id=\"604c3b0\" data-element_type=\"container\" data-e-type=\"container\">\n\t\t\t\t\t<div class=\"e-con-inner\">\n\t\t\t\t<div class=\"elementor-element elementor-element-73cf13b elementor-button-align-stretch elementor-widget elementor-widget-form\" data-id=\"73cf13b\" data-element_type=\"widget\" data-e-type=\"widget\" data-settings=\"{&quot;step_next_label&quot;:&quot;Suivant&quot;,&quot;step_previous_label&quot;:&quot;Pr\\u00e9c\\u00e9dent&quot;,&quot;button_width&quot;:&quot;100&quot;,&quot;step_type&quot;:&quot;number_text&quot;,&quot;step_icon_shape&quot;:&quot;circle&quot;}\" data-widget_type=\"form.default\">\n\t\t\t\t<div class=\"elementor-widget-container\">\n\t\t\t\t\t\t\t<form class=\"elementor-form\" method=\"post\" name=\"Nouveau formulaire\" aria-label=\"Nouveau formulaire\">\n\t\t\t<input type=\"hidden\" name=\"post_id\" value=\"81034\"\/>\n\t\t\t<input type=\"hidden\" name=\"form_id\" value=\"73cf13b\"\/>\n\t\t\t<input type=\"hidden\" name=\"referer_title\" value=\"Candidature express - Hotel Schloss M\u00f6nchstein*****s\" \/>\n\n\t\t\t\t\t\t\t<input type=\"hidden\" name=\"queried_id\" value=\"81034\"\/>\n\t\t\t\n\t\t\t<div class=\"elementor-form-fields-wrapper elementor-labels-above\">\n\t\t\t\t\t\t\t\t<div class=\"elementor-field-type-text elementor-field-group elementor-column elementor-field-group-name elementor-col-100\">\n\t\t\t\t\t\t\t\t\t\t\t\t<label for=\"form-field-name\" class=\"elementor-field-label\">\n\t\t\t\t\t\t\t\tCandidature en tant que\t\t\t\t\t\t\t<\/label>\n\t\t\t\t\t\t\t\t\t\t\t\t\t\t<input size=\"1\" type=\"text\" name=\"form_fields[name]\" id=\"form-field-name\" class=\"elementor-field elementor-size-sm  elementor-field-textual\" placeholder=\"Saisir la candidature en tant que\">\n\t\t\t\t\t\t\t\t\t\t\t<\/div>\n\t\t\t\t\t\t\t\t<div class=\"elementor-field-type-text elementor-field-group elementor-column elementor-field-group-field_c3c5e0c elementor-col-100\">\n\t\t\t\t\t\t\t\t\t\t\t\t<label for=\"form-field-field_c3c5e0c\" class=\"elementor-field-label\">\n\t\t\t\t\t\t\t\tPr\u00e9nom\t\t\t\t\t\t\t<\/label>\n\t\t\t\t\t\t\t\t\t\t\t\t\t\t<input size=\"1\" type=\"text\" name=\"form_fields[field_c3c5e0c]\" id=\"form-field-field_c3c5e0c\" class=\"elementor-field elementor-size-sm  elementor-field-textual\" placeholder=\"Saisir le pr\u00e9nom\">\n\t\t\t\t\t\t\t\t\t\t\t<\/div>\n\t\t\t\t\t\t\t\t<div class=\"elementor-field-type-text elementor-field-group elementor-column elementor-field-group-field_500b508 elementor-col-100\">\n\t\t\t\t\t\t\t\t\t\t\t\t<label for=\"form-field-field_500b508\" class=\"elementor-field-label\">\n\t\t\t\t\t\t\t\tNom de famille\t\t\t\t\t\t\t<\/label>\n\t\t\t\t\t\t\t\t\t\t\t\t\t\t<input size=\"1\" type=\"text\" name=\"form_fields[field_500b508]\" id=\"form-field-field_500b508\" class=\"elementor-field elementor-size-sm  elementor-field-textual\" placeholder=\"Saisir le nom de famille\">\n\t\t\t\t\t\t\t\t\t\t\t<\/div>\n\t\t\t\t\t\t\t\t<div class=\"elementor-field-type-text elementor-field-group elementor-column elementor-field-group-email elementor-col-100 elementor-field-required\">\n\t\t\t\t\t\t\t\t\t\t\t\t<label for=\"form-field-email\" class=\"elementor-field-label\">\n\t\t\t\t\t\t\t\tNum\u00e9ro de t\u00e9l\u00e9phone\t\t\t\t\t\t\t<\/label>\n\t\t\t\t\t\t\t\t\t\t\t\t\t\t<input size=\"1\" type=\"text\" name=\"form_fields[email]\" id=\"form-field-email\" class=\"elementor-field elementor-size-sm  elementor-field-textual\" placeholder=\"Saisir le num\u00e9ro de t\u00e9l\u00e9phone\" required=\"required\">\n\t\t\t\t\t\t\t\t\t\t\t<\/div>\n\t\t\t\t\t\t\t\t<div class=\"elementor-field-type-text elementor-field-group elementor-column elementor-field-group-field_6ebfd7f elementor-col-100 elementor-field-required\">\n\t\t\t\t\t\t\t\t\t\t\t\t<label for=\"form-field-field_6ebfd7f\" class=\"elementor-field-label\">\n\t\t\t\t\t\t\t\tAdresse e-mail\t\t\t\t\t\t\t<\/label>\n\t\t\t\t\t\t\t\t\t\t\t\t\t\t<input size=\"1\" type=\"text\" name=\"form_fields[field_6ebfd7f]\" id=\"form-field-field_6ebfd7f\" class=\"elementor-field elementor-size-sm  elementor-field-textual\" placeholder=\"Saisir ladresse e-mail\" required=\"required\">\n\t\t\t\t\t\t\t\t\t\t\t<\/div>\n\t\t\t\t\t\t\t\t<div class=\"elementor-field-type-upload elementor-field-group elementor-column elementor-field-group-field_51f2029 elementor-col-100\">\n\t\t\t\t\t\t\t\t\t\t\t\t<label for=\"form-field-field_51f2029\" class=\"elementor-field-label\">\n\t\t\t\t\t\t\t\t<a href=\"#\">S\u00e9lectionner un fichier<\/a> ou le glisser-d\u00e9poser ici (PDF, max. 5 Mo)\t\t\t\t\t\t\t<\/label>\n\t\t\t\t\t\t\t\t<input type=\"file\" name=\"form_fields[field_51f2029]\" id=\"form-field-field_51f2029\" class=\"elementor-field elementor-size-sm  elementor-upload-field\">\n\n\t\t\t\t\t\t<\/div>\n\t\t\t\t\t\t\t\t<div class=\"elementor-field-type-upload elementor-field-group elementor-column elementor-field-group-field_88555df elementor-col-100\">\n\t\t\t\t\t\t\t\t\t\t\t\t<label for=\"form-field-field_88555df\" class=\"elementor-field-label\">\n\t\t\t\t\t\t\t\t<a href=\"#\">T\u00e9l\u00e9charger le CV<\/a> ou le glisser-d\u00e9poser ici (PDF, max. 5 Mo)\t\t\t\t\t\t\t<\/label>\n\t\t\t\t\t\t\t\t<input type=\"file\" name=\"form_fields[field_88555df]\" id=\"form-field-field_88555df\" class=\"elementor-field elementor-size-sm  elementor-upload-field\">\n\n\t\t\t\t\t\t<\/div>\n\t\t\t\t\t\t\t\t<div class=\"elementor-field-type-upload elementor-field-group elementor-column elementor-field-group-field_d898d92 elementor-col-100\">\n\t\t\t\t\t\t\t\t\t\t\t\t<label for=\"form-field-field_d898d92\" class=\"elementor-field-label\">\n\t\t\t\t\t\t\t\t<a href=\"#\">S\u00e9lectionner une lettre de motivation<\/a> ou la glisser-d\u00e9poser ici (PDF, max. 5 Mo)\t\t\t\t\t\t\t<\/label>\n\t\t\t\t\t\t\t\t<input type=\"file\" name=\"form_fields[field_d898d92]\" id=\"form-field-field_d898d92\" class=\"elementor-field elementor-size-sm  elementor-upload-field\">\n\n\t\t\t\t\t\t<\/div>\n\t\t\t\t\t\t\t\t<div class=\"elementor-field-group elementor-column elementor-field-type-submit elementor-col-100 e-form__buttons\">\n\t\t\t\t\t<button class=\"elementor-button elementor-size-sm\" type=\"submit\">\n\t\t\t\t\t\t<span class=\"elementor-button-content-wrapper\">\n\t\t\t\t\t\t\t\t\t\t\t\t\t\t\t\t\t\t\t\t\t\t<span class=\"elementor-button-text\">Postuler maintenant<\/span>\n\t\t\t\t\t\t\t\t\t\t\t\t\t<\/span>\n\t\t\t\t\t<\/button>\n\t\t\t\t<\/div>\n\t\t\t<\/div>\n\t\t<\/form>\n\t\t\t\t\t\t<\/div>\n\t\t\t\t<\/div>\n\t\t\t\t\t<\/div>\n\t\t\t\t<\/div>\n\t\t\t\t<\/div>\n\t\t","protected":false},"excerpt":{"rendered":"<p>Candidature express<\/p>\n","protected":false},"author":1,"featured_media":0,"parent":0,"menu_order":0,"comment_status":"closed","ping_status":"closed","template":"elementor_header_footer","meta":{"_acf_changed":false,"inline_featured_image":false,"site-sidebar-layout":"no-sidebar","site-content-layout":"","ast-site-content-layout":"full-width-container","site-content-style":"default","site-sidebar-style":"default","ast-global-header-display":"","ast-banner-title-visibility":"","ast-main-header-display":"","ast-hfb-above-header-display":"","ast-hfb-below-header-display":"","ast-hfb-mobile-header-display":"","site-post-title":"disabled","ast-breadcrumbs-content":"","ast-featured-img":"disabled","footer-sml-layout":"","theme-transparent-header-meta":"","adv-header-id-meta":"","stick-header-meta":"","header-above-stick-meta":"","header-main-stick-meta":"","header-below-stick-meta":"","astra-migrate-meta-layouts":"default","ast-page-background-enabled":"default","ast-page-background-meta":{"desktop":{"background-color":"var(--ast-global-color-5)","background-image":"","background-repeat":"repeat","background-position":"center center","background-size":"auto","background-attachment":"scroll","background-type":"","background-media":"","overlay-type":"","overlay-color":"","overlay-opacity":"","overlay-gradient":""},"tablet":{"background-color":"","background-image":"","background-repeat":"repeat","background-position":"center center","background-size":"auto","background-attachment":"scroll","background-type":"","background-media":"","overlay-type":"","overlay-color":"","overlay-opacity":"","overlay-gradient":""},"mobile":{"background-color":"","background-image":"","background-repeat":"repeat","background-position":"center center","background-size":"auto","background-attachment":"scroll","background-type":"","background-media":"","overlay-type":"","overlay-color":"","overlay-opacity":"","overlay-gradient":""}},"ast-content-background-meta":{"desktop":{"background-color":"var(--ast-global-color-4)","background-image":"","background-repeat":"repeat","background-position":"center center","background-size":"auto","background-attachment":"scroll","background-type":"","background-media":"","overlay-type":"","overlay-color":"","overlay-opacity":"","overlay-gradient":""},"tablet":{"background-color":"var(--ast-global-color-4)","background-image":"","background-repeat":"repeat","background-position":"center center","background-size":"auto","background-attachment":"scroll","background-type":"","background-media":"","overlay-type":"","overlay-color":"","overlay-opacity":"","overlay-gradient":""},"mobile":{"background-color":"var(--ast-global-color-4)","background-image":"","background-repeat":"repeat","background-position":"center center","background-size":"auto","background-attachment":"scroll","background-type":"","background-media":"","overlay-type":"","overlay-color":"","overlay-opacity":"","overlay-gradient":""}},"footnotes":""},"class_list":["post-81034","page","type-page","status-publish","hentry"],"acf":[],"yoast_head":"<!-- This site is optimized with the Yoast SEO plugin v27.2 - https:\/\/yoast.com\/product\/yoast-seo-wordpress\/ -->\n<title>Candidature express - Hotel Schloss M\u00f6nchstein*****s<\/title>\n<meta name=\"robots\" content=\"index, follow, max-snippet:-1, max-image-preview:large, max-video-preview:-1\" \/>\n<link rel=\"canonical\" href=\"https:\/\/monchstein.at\/fr\/candidature-express\/\" \/>\n<meta property=\"og:locale\" content=\"fr_FR\" \/>\n<meta property=\"og:type\" content=\"article\" \/>\n<meta property=\"og:title\" content=\"Candidature express - Hotel Schloss M\u00f6nchstein*****s\" \/>\n<meta property=\"og:description\" content=\"Candidature express\" \/>\n<meta property=\"og:url\" content=\"https:\/\/monchstein.at\/fr\/candidature-express\/\" \/>\n<meta property=\"og:site_name\" content=\"Hotel Schloss M\u00f6nchstein*****s\" \/>\n<meta property=\"article:modified_time\" content=\"2026-03-14T12:33:03+00:00\" \/>\n<meta name=\"twitter:card\" content=\"summary_large_image\" \/>\n<script type=\"application\/ld+json\" class=\"yoast-schema-graph\">{\"@context\":\"https:\/\/schema.org\",\"@graph\":[{\"@type\":\"WebPage\",\"@id\":\"https:\/\/monchstein.at\/fr\/candidature-express\/\",\"url\":\"https:\/\/monchstein.at\/fr\/candidature-express\/\",\"name\":\"Candidature express - Hotel Schloss M\u00f6nchstein*****s\",\"isPartOf\":{\"@id\":\"https:\/\/monchstein.at\/fr\/#website\"},\"datePublished\":\"2025-06-26T09:16:55+00:00\",\"dateModified\":\"2026-03-14T12:33:03+00:00\",\"breadcrumb\":{\"@id\":\"https:\/\/monchstein.at\/fr\/candidature-express\/#breadcrumb\"},\"inLanguage\":\"fr-FR\",\"potentialAction\":[{\"@type\":\"ReadAction\",\"target\":[\"https:\/\/monchstein.at\/fr\/candidature-express\/\"]}]},{\"@type\":\"BreadcrumbList\",\"@id\":\"https:\/\/monchstein.at\/fr\/candidature-express\/#breadcrumb\",\"itemListElement\":[{\"@type\":\"ListItem\",\"position\":1,\"name\":\"Accueil\",\"item\":\"https:\/\/monchstein.at\/fr\/\"},{\"@type\":\"ListItem\",\"position\":2,\"name\":\"Candidature express\"}]},{\"@type\":\"WebSite\",\"@id\":\"https:\/\/monchstein.at\/fr\/#website\",\"url\":\"https:\/\/monchstein.at\/fr\/\",\"name\":\"Hotel Schloss M\u00f6nchstein*****s\",\"description\":\"Luxushotel Salzburg\",\"publisher\":{\"@id\":\"https:\/\/monchstein.at\/fr\/#organization\"},\"potentialAction\":[{\"@type\":\"SearchAction\",\"target\":{\"@type\":\"EntryPoint\",\"urlTemplate\":\"https:\/\/monchstein.at\/fr\/?s={search_term_string}\"},\"query-input\":{\"@type\":\"PropertyValueSpecification\",\"valueRequired\":true,\"valueName\":\"search_term_string\"}}],\"inLanguage\":\"fr-FR\"},{\"@type\":\"Organization\",\"@id\":\"https:\/\/monchstein.at\/fr\/#organization\",\"name\":\"Hotel Schloss M\u00f6nchstein*****s\",\"url\":\"https:\/\/monchstein.at\/fr\/\",\"logo\":{\"@type\":\"ImageObject\",\"inLanguage\":\"fr-FR\",\"@id\":\"https:\/\/monchstein.at\/fr\/#\/schema\/logo\/image\/\",\"url\":\"https:\/\/monchstein.at\/wp-content\/uploads\/2025\/06\/Hotel-Schloss-Monchstein-Logo.svg\",\"contentUrl\":\"https:\/\/monchstein.at\/wp-content\/uploads\/2025\/06\/Hotel-Schloss-Monchstein-Logo.svg\",\"width\":595.28,\"height\":273.01,\"caption\":\"Hotel Schloss M\u00f6nchstein*****s\"},\"image\":{\"@id\":\"https:\/\/monchstein.at\/fr\/#\/schema\/logo\/image\/\"}}]}<\/script>\n<!-- \/ Yoast SEO plugin. -->","yoast_head_json":{"title":"Candidature express - Hotel Schloss M\u00f6nchstein*****s","robots":{"index":"index","follow":"follow","max-snippet":"max-snippet:-1","max-image-preview":"max-image-preview:large","max-video-preview":"max-video-preview:-1"},"canonical":"https:\/\/monchstein.at\/fr\/candidature-express\/","og_locale":"fr_FR","og_type":"article","og_title":"Candidature express - Hotel Schloss M\u00f6nchstein*****s","og_description":"Candidature express","og_url":"https:\/\/monchstein.at\/fr\/candidature-express\/","og_site_name":"Hotel Schloss M\u00f6nchstein*****s","article_modified_time":"2026-03-14T12:33:03+00:00","twitter_card":"summary_large_image","schema":{"@context":"https:\/\/schema.org","@graph":[{"@type":"WebPage","@id":"https:\/\/monchstein.at\/fr\/candidature-express\/","url":"https:\/\/monchstein.at\/fr\/candidature-express\/","name":"Candidature express - Hotel Schloss M\u00f6nchstein*****s","isPartOf":{"@id":"https:\/\/monchstein.at\/fr\/#website"},"datePublished":"2025-06-26T09:16:55+00:00","dateModified":"2026-03-14T12:33:03+00:00","breadcrumb":{"@id":"https:\/\/monchstein.at\/fr\/candidature-express\/#breadcrumb"},"inLanguage":"fr-FR","potentialAction":[{"@type":"ReadAction","target":["https:\/\/monchstein.at\/fr\/candidature-express\/"]}]},{"@type":"BreadcrumbList","@id":"https:\/\/monchstein.at\/fr\/candidature-express\/#breadcrumb","itemListElement":[{"@type":"ListItem","position":1,"name":"Accueil","item":"https:\/\/monchstein.at\/fr\/"},{"@type":"ListItem","position":2,"name":"Candidature express"}]},{"@type":"WebSite","@id":"https:\/\/monchstein.at\/fr\/#website","url":"https:\/\/monchstein.at\/fr\/","name":"Hotel Schloss M\u00f6nchstein*****s","description":"Luxushotel Salzburg","publisher":{"@id":"https:\/\/monchstein.at\/fr\/#organization"},"potentialAction":[{"@type":"SearchAction","target":{"@type":"EntryPoint","urlTemplate":"https:\/\/monchstein.at\/fr\/?s={search_term_string}"},"query-input":{"@type":"PropertyValueSpecification","valueRequired":true,"valueName":"search_term_string"}}],"inLanguage":"fr-FR"},{"@type":"Organization","@id":"https:\/\/monchstein.at\/fr\/#organization","name":"Hotel Schloss M\u00f6nchstein*****s","url":"https:\/\/monchstein.at\/fr\/","logo":{"@type":"ImageObject","inLanguage":"fr-FR","@id":"https:\/\/monchstein.at\/fr\/#\/schema\/logo\/image\/","url":"https:\/\/monchstein.at\/wp-content\/uploads\/2025\/06\/Hotel-Schloss-Monchstein-Logo.svg","contentUrl":"https:\/\/monchstein.at\/wp-content\/uploads\/2025\/06\/Hotel-Schloss-Monchstein-Logo.svg","width":595.28,"height":273.01,"caption":"Hotel Schloss M\u00f6nchstein*****s"},"image":{"@id":"https:\/\/monchstein.at\/fr\/#\/schema\/logo\/image\/"}}]}},"_links":{"self":[{"href":"https:\/\/monchstein.at\/fr\/wp-json\/wp\/v2\/pages\/81034","targetHints":{"allow":["GET"]}}],"collection":[{"href":"https:\/\/monchstein.at\/fr\/wp-json\/wp\/v2\/pages"}],"about":[{"href":"https:\/\/monchstein.at\/fr\/wp-json\/wp\/v2\/types\/page"}],"author":[{"embeddable":true,"href":"https:\/\/monchstein.at\/fr\/wp-json\/wp\/v2\/users\/1"}],"replies":[{"embeddable":true,"href":"https:\/\/monchstein.at\/fr\/wp-json\/wp\/v2\/comments?post=81034"}],"version-history":[{"count":1,"href":"https:\/\/monchstein.at\/fr\/wp-json\/wp\/v2\/pages\/81034\/revisions"}],"predecessor-version":[{"id":81035,"href":"https:\/\/monchstein.at\/fr\/wp-json\/wp\/v2\/pages\/81034\/revisions\/81035"}],"wp:attachment":[{"href":"https:\/\/monchstein.at\/fr\/wp-json\/wp\/v2\/media?parent=81034"}],"curies":[{"name":"wp","href":"https:\/\/api.w.org\/{rel}","templated":true}]}}